{"id":144,"date":"2020-10-09T16:04:13","date_gmt":"2020-10-09T14:04:13","guid":{"rendered":"https:\/\/eurocaution.mikado.digital\/?page_id=144"},"modified":"2021-01-11T15:03:15","modified_gmt":"2021-01-11T14:03:15","slug":"protection-des-donnees","status":"publish","type":"page","link":"https:\/\/eurocaution.eu\/nl\/protection-des-donnees\/","title":{"rendered":"Gegevensbescherming"},"content":{"rendered":"<p class=\"p1\"><strong><span class=\"s1\">Wij hechten het allergrootste belang aan de vertrouwelijkheid van uw gegevens.<\/span><\/strong><\/p>\n<p class=\"p1\"><span class=\"s1\">Dit Beleid inzake bescherming van persoonsgegevens maakt duidelijk welke gegevens wij over u verzamelen en hoe wij die gebruiken. Verder wordt hier uitgelegd over welke rechten u beschikt en hoe u die kunt uitoefenen. Wij verbinden ons ertoe al het nodige te doen om de vertrouwelijkheid en integriteit van uw persoonsgegevens te vrijwaren.<\/span><\/p>\n<h3>1. <b><\/b><span class=\"s2\"><b>Wie zijn wij? <\/b><\/span><\/h3>\n<p class=\"p1\"><span class=\"s1\"><b>EuroCaution\u00a0Benelux SA <\/b>is een makelaarsfirma naar Luxemburgs recht, ingeschreven in het handels- en vennootschappenregister (RCS) van Luxemburg onder het nummer B169101. Zij is erkend als verzekeringsmakelaar bij het Luxemburgse <i>Commissariat aux Assurances<\/i> (CAA) onder het nummer <b>2012CM012<\/b> en is opgenomen in het <i>Registre des soci\u00e9t\u00e9s de courtage agr\u00e9\u00e9es au Grand-Duch\u00e9 de Luxembourg<\/i>, dat te vinden is op de website van het CAA op\u00a0<a href=\"http:\/\/www.caa.lu\/fr\/operateurs\/intermediaires\/societe-de-courtage\"><span class=\"s2\">http:\/\/www.caa.lu\/fr\/operateurs\/intermediaires\/societe-de-courtage<\/span><\/a>. Het is EuroCaution toegestaan haar makelaarsactiviteiten in Belgi\u00eb en Luxemburg uit te oefenen in het kader van het vrij verrichten van diensten. <\/span><\/p>\n<p class=\"p1\"><span class=\"s1\">Als verwerkingsverantwoordelijke verzamelt <b>EuroCaution\u00a0Benelux SA<\/b> uw persoonsgegevens voor eigen rekening. <\/span><\/p>\n<p class=\"p1\"><span class=\"s1\">U kunt ons als volgt bereiken: <\/span><\/p>\n<p class=\"p1\"><span class=\"s1\"><b>Per post<\/b><\/span><strong>: 7, rue des M\u00e9rovingiens L-8070 Bertrange<\/strong><\/p>\n<p class=\"p1\"><span class=\"s1\"><b>Per telefoon<\/b><\/span><strong>: +352 202123241<\/strong><\/p>\n<p class=\"p1\"><span class=\"s1\"><b>Per e-mail<\/b><\/span><strong>: <a href=\"mailto:alessandro.rizzo@eurocaution-benelux.com\">Cliquez ici<\/a><\/strong><\/p>\n<p class=\"p1\"><span class=\"s1\">Persoonsgegevens zijn te verstaan als alle informatie over een ge\u00efdentificeerde of identificeerbare natuurlijke persoon (zoals de naam van een persoon, zijn foto, telefoonnummer, een contractnummer, wachtwoord enz.). <\/span><\/p>\n<p class=\"p1\"><span class=\"s1\">In de zin van de Europese regelgeving inzake bescherming van de persoonlijke levenssfeer is de verwerkingsverantwoordelijke de persoon die het doel van en de middelen voor de verwerking van persoonsgegevens vaststelt. <\/span><\/p>\n<p class=\"p1\"><span class=\"s1\">Via de hierboven vermelde contactgegevens kunt u aanvullende informatie vragen of elk ander verzoek betreffende uw persoonsgegevens indienen.<\/span><\/p>\n<h3>2. <b><\/b><span class=\"s2\"><b>Welke persoonsgegevens verzamelen wij? <\/b><\/span><\/h3>\n<p class=\"p1\"><span class=\"s1\"><strong>Wij verwerken uitsluitend de persoonsgegevens die strikt noodzakelijk zijn om de hierna genoemde doeleinden te verwezenlijken. In het kader van onze activiteiten kunnen wij de volgende gegevens verwerken rekening houdend met uw specifieke situatie en in het kader van uw levens- en\/of kapitaalverzekeringen:<\/strong> <\/span><\/p>\n<ul>\n<li class=\"li1\"><span class=\"s2\">identificatiegegevens (naam, voornaam, geslacht, geboortedatum, nationaliteit e.d.); <\/span><\/li>\n<li class=\"li1\"><span class=\"s2\">contactgegevens (e-mailadres, gsm- en\/of telefoonnummer, postadres e.d.); <\/span><\/li>\n<li class=\"li1\"><span class=\"s2\">gegevens over uw burgerlijke staat; <\/span><\/li>\n<li class=\"li1\"><span class=\"s2\">gegevens over uw financi\u00eble toestand en vermogen (lijst met roerende en onroerende bezittingen enz.);<\/span><\/li>\n<li class=\"li1\"><span class=\"s2\">gegevens over uw beroep (uitgeoefende functies);<\/span><\/li>\n<li class=\"li1\"><span class=\"s2\">gegevens over gezinssamenstelling (bijvoorbeeld burgerlijke staat, aantal kinderen enz.); <\/span><\/li>\n<li class=\"li1\"><span class=\"s2\">en alle andere gegevens die u uit eigen beweging aan ons doorgeeft.<\/span><\/li>\n<\/ul>\n<p class=\"p1\"><span class=\"s1\"><strong>Soms dienen wij ook bepaalde gevoelige gegevens te verwerken die bijzondere bescherming genieten, zoals:<\/strong> <\/span><\/p>\n<ul>\n<li class=\"li1\"><span class=\"s2\">uw fiscaal identificatienummer (FIN). <\/span><\/li>\n<\/ul>\n<p class=\"p1\"><span class=\"s1\"><strong>Wij verwerken deze gegevens met de grootst mogelijke zorg.<\/strong> <\/span><\/p>\n<p class=\"p1\"><strong><span class=\"s1\">In voorkomend geval kunnen wij ook gebruikmaken van gegevens uit externe bronnen, met name in de volgende gevallen:<\/span><\/strong><\/p>\n<ul>\n<li class=\"li1\"><span class=\"s2\">gegevens verkregen door een financi\u00eble partner (bank, financieel beheerder, <i>family office<\/i>) die contact opneemt met EuroCaution Benelux SA om samen te werken aan uw dossier, en wel op volledig transparante wijze met uzelf; <\/span><\/li>\n<li class=\"li1\"><span class=\"s2\">om gegevens bij te werken (bijvoorbeeld over uw gezinssamenstelling, adres, een verlopen identiteitsbewijs enz.).<\/span><\/li>\n<\/ul>\n<p class=\"p1\"><span class=\"s1\"><strong>Soms dienen wij gebruik te maken van persoonsgegevens van andere personen dan uzelf, bijvoorbeeld van:<\/strong> <\/span><\/p>\n<ul>\n<li class=\"li1\"><span class=\"s2\">uw bloedverwanten in opgaande lijn (ouders, grootouders), uw kinderen, uw partner, de begunstigde(n) van uw levensverzekering; <\/span><\/li>\n<li class=\"li1\"><span class=\"s2\">uw personeelsleden, uw wettelijke\/statutaire vertegenwoordigers, uw aandeelhouders\/vennoten. <\/span><\/li>\n<\/ul>\n<p class=\"p1\"><strong><span class=\"s1\">Indien u dergelijke gegevens aan ons meedeelt, verbindt u zich ertoe de betrokkenen daarvan op de hoogte te brengen.<\/span><\/strong><\/p>\n<h3>3. <b><\/b><span class=\"s2\"><b>Hoe gebruiken wij uw persoonsgegevens? <\/b><\/span><\/h3>\n<h4>3.1 <span class=\"s1\">Voor welke doeleinden en op basis van welke rechtsgrond gebruiken wij de persoonsgegevens? <\/span><\/h4>\n<p class=\"p1\"><span class=\"s1\"><strong>Eerst en vooral gebruiken wij uw persoonsgegevens om onze contractuele verbintenissen jegens u na te komen en meer bepaald om:<\/strong> <\/span><\/p>\n<p><span class=\"s2\">&#8211; <\/span><span class=\"s2\">u de diensten te verlenen die u van ons als verzekeringstussenpersoon verwacht, zoals: <\/span><\/p>\n<ul>\n<li><span class=\"s2\">in kaart brengen van uw vereisten en behoeften (en, in het kader van op verzekeringen gebaseerde beleggingsproducten, van uw volledige beleggersprofiel);<\/span><\/li>\n<li><span class=\"s2\">advies aan u verlenen; <\/span><\/li>\n<li><span class=\"s2\">documentatie aan u verstrekken over de producten waarvoor u een beroep op ons hebt gedaan; <\/span><\/li>\n<li><span class=\"s2\">u helpen bij het aangaan van een verzekeringscontract (voorbereidende werkzaamheden en de eigenlijke contractsluiting); <\/span><\/li>\n<li><span class=\"s2\">u assisteren bij het beheren en uitvoeren van verzekeringscontracten (afkoop, bijstorting, arbitrage, liquidatie);<\/span><\/li>\n<\/ul>\n<p>&#8211; <span class=\"s2\">uw voorkeuren bewaren om te weten of, en zo ja, hoe wij contact met u kunnen opnemen om u inlichtingen te verstrekken of verzekeringsvoorstellen te doen. <\/span><\/p>\n<p class=\"p1\"><span class=\"s1\"><strong>Soms dienen wij uw persoonsgegevens ook te gebruiken om onze wettelijke verplichtingen na te leven, meer in het bijzonder met het oog op:<\/strong> <\/span><\/p>\n<ul class=\"ul1\">\n<li class=\"li1\"><span class=\"s2\">voorkoming\/bestrijding van het witwassen van geld en de financiering van terrorisme;<\/span><\/li>\n<li class=\"li1\"><span class=\"s2\">verzekeringsdistributie; <\/span><\/li>\n<li class=\"li1\"><span class=\"s2\">onze fiscale en boekhoudkundige verplichtingen. <\/span><\/li>\n<\/ul>\n<p class=\"p1\"><span class=\"s1\"><strong>Wij kunnen ook een gerechtvaardigd belang hebben bij het verwerken van uw gegevens met het oog op de volgende doeleinden:<\/strong> <\/span><\/p>\n<ul class=\"ul1\">\n<li class=\"li1\"><span class=\"s2\">beheren van ons klantenbestand en verkrijgen van een totaalbeeld van onze klanten (bijvoorbeeld door statistieken van onze klanten op te maken om te weten wie ze zijn en hen beter te leren kennen); <\/span><\/li>\n<li class=\"li1\"><span class=\"s2\">voorkomen van misbruik, fraude en inbreuken;<\/span><\/li>\n<li class=\"li1\"><span class=\"s2\">beschermen van de goederen van de onderneming; <\/span><\/li>\n<li class=\"li1\"><span class=\"s2\">beveiligen van goederen en personen alsook van de IT-netwerken en -systemen van de onderneming; <\/span><\/li>\n<li class=\"li1\"><span class=\"s2\">controleren op regelmatigheid van de verrichtingen; <\/span><\/li>\n<li class=\"li1\"><span class=\"s2\">vaststellen, uitoefenen, verdedigen en beschermen van de rechten van de onderneming of van de personen die zij in voorkomend geval vertegenwoordigt, bijvoorbeeld in het kader van geschillen; <\/span><\/li>\n<li class=\"li1\"><span class=\"s2\">aanleggen van bewijsmateriaal. <\/span><\/li>\n<\/ul>\n<h4>3.2 <span class=\"s1\">Gebruiken wij uw persoonsgegevens voor geautomatiseerde besluitvorming?<\/span><\/h4>\n<p class=\"p1\"><strong><span class=\"s1\">Ter verwezenlijking van de hierboven vermelde doeleinden (zie punt 3.1) kunnen wij uw persoonsgegevens ook gebruiken en analyseren met het oog op geautomatiseerde besluitvorming, d.w.z. zonder menselijke tussenkomst, onder meer in de volgende gevallen: <\/span><\/strong><\/p>\n<ul>\n<li class=\"p1\">\n<p class=\"p1\"><span class=\"s1\">beschrijving van het (de) geval(len) van geautomatiseerde besluitvorming of profilering + beschrijving van de onderliggende logica en de verwachte gevolgen van die verwerking<\/span><\/p>\n<\/li>\n<\/ul>\n<h3>4. <b><\/b><span class=\"s2\"><b>Waarom dient u ons uw persoonsgegevens te verstrekken? <\/b><\/span><\/h3>\n<p class=\"p1\"><strong><span class=\"s1\">Als u weigert de gegevens te verstrekken die in het kader van bepaalde diensten worden gevraagd (zoals de assistentie bij het sluiten van een verzekeringscontract of bij een schadeaangifte), kan dit ons ervan weerhouden onze rol van verzekeringstussenpersoon te vervullen of gevolg te geven aan uw aanvragen.<\/span><\/strong><\/p>\n<h3>5. <b><\/b><span class=\"s2\"><b>Waar en hoe geven wij uw persoonsgegevens door?<\/b><\/span><\/h3>\n<h4>5.1 <span class=\"s1\">Wie heeft toegang tot uw persoonsgegevens en aan wie geven wij uw gegevens door?<\/span><\/h4>\n<p class=\"p1\"><span class=\"s1\"><strong>Teneinde uw privacy te beschermen, wordt nauwkeurig vastgesteld welke personen gemachtigd zijn om toegang te krijgen tot uw gegevens, rekening houdend met de door hen uit te voeren taken.<\/strong> <\/span><\/p>\n<p class=\"p1\"><span class=\"s1\"><strong>Uw persoonsgegevens worden in geen geval aan derden verkocht. Met het oog op de verwezenlijking van de hierboven beschreven doelstellingen (zie punt 3.1) zijn wij evenwel genoodzaakt bepaalde gegevens door te geven aan derden:<\/strong> <\/span><\/p>\n<ul>\n<li class=\"li1\"><span class=\"s2\">aan verzekeringsmaatschappijen waarvan u een verzekeringsvoorstel wilt ontvangen of waarmee u een contract wilt sluiten; <\/span><\/li>\n<li class=\"li1\"><span class=\"s2\">teneinde onze opdrachten als verzekeringstussenpersoon naar behoren te vervullen, kunnen uw gegevens worden doorgegeven aan en\/of verwerkt door onze IT-onderaannemers; <\/span><\/li>\n<li class=\"li1\"><span class=\"s2\">om onze wettelijke verplichtingen na te leven, kunnen wij uw gegevens doorgeven aan de autoriteiten en aan onze toezichthouder; <\/span><\/li>\n<li class=\"li1\"><span class=\"s2\">bij geschillen kunnen uw gegevens aan onze advocaten worden doorgegeven en gebruikt om onze zaak in rechte te bepleiten. <\/span><\/li>\n<\/ul>\n<h5 class=\"p1\"><span class=\"s1\">Naar welke landen vindt de doorgifte van uw persoonsgegevens plaats? <\/span><span class=\"s2\">Uw persoonsgegevens worden in geen geval buiten de Europese Economische Ruimte (&#8220;EER&#8221;) doorgegeven.<\/span><\/h5>\n<h3><b><\/b><span class=\"s2\"><b>6. <\/b><\/span><b><\/b><span class=\"s2\"><b>Hoe lang bewaren wij uw persoonsgegevens? <\/b><\/span><\/h3>\n<p class=\"p1\"><span class=\"s1\"><strong>Wij bewaren uw persoonsgegevens zolang:<\/strong> <\/span><\/p>\n<ul>\n<li class=\"li1\"><span class=\"s2\">als noodzakelijk is om de hierboven beschreven doeleinden te verwezenlijken; of <\/span><\/li>\n<li class=\"li1\"><span class=\"s2\">wij wettelijk daartoe verplicht zijn (bijvoorbeeld de bewaring van boekhoudkundige documenten); <\/span><\/li>\n<li class=\"li1\"><span class=\"s2\">de toepasselijke verjaringstermijnen lopen teneinde ervoor te zorgen dat wij over de nodige gegevens beschikken om ons te beschermen tegen rechtsvorderingen.<\/span><\/li>\n<\/ul>\n<h3>7. <b><\/b><span class=\"s2\"><b>Wat zijn uw rechten en hoe kunt u die uitoefenen?<\/b><\/span><\/h3>\n<p class=\"p1\"><strong><span class=\"s1\">Als betrokkene hebt u verschillende rechten. Hieronder vindt u een korte beschrijving van deze rechten en van de manier waarop u ze kunt doen gelden.<\/span><\/strong><\/p>\n<h6 class=\"p1\"><span class=\"s1\"><b>Recht op informatie<\/b><\/span><\/h6>\n<p class=\"p1\"><span class=\"s1\"><em>U kunt ons eender welke vraag stellen over de registratie en verwerking van uw gegevens.<\/em> <\/span><\/p>\n<h6 class=\"p1\"><span class=\"s1\"><b>Recht van inzage<\/b><\/span><\/h6>\n<p class=\"p1\"><span class=\"s1\"><em>U kunt te allen tijde uitsluitsel verkrijgen over het al dan niet verwerken van u betreffende persoonsgegevens en, wanneer dat het geval is, die persoonsgegevens inzien en een gratis kopie daarvan ontvangen.<\/em> <\/span><\/p>\n<h6 class=\"p1\"><span class=\"s1\"><b>Recht auf Berichtigung<\/b><\/span><\/h6>\n<p class=\"p1\"><em><span class=\"s1\">U kunt te allen tijde, door ons schriftelijk daarom te verzoeken, de rectificatie verkrijgen van u betreffende persoonsgegevens die onjuist zouden zijn. U kunt op dezelfde wijze vragen dat onvolledige gegevens worden vervolledigd.<\/span><\/em><\/p>\n<h6 class=\"p1\"><span class=\"s1\"><b>Recht op wissing<\/b><\/span><\/h6>\n<p class=\"p1\"><span class=\"s1\"><em>U kunt te allen tijde, door ons schriftelijk daarom te verzoeken, de wissing van uw persoonsgegevens verkrijgen, op voorwaarde dat een van de volgende gevallen van toepassing is:<\/em> <\/span><\/p>\n<ul>\n<li class=\"li1\"><span class=\"s2\">de persoonsgegevens zijn niet langer nodig voor de doeleinden waarvoor zij zijn verzameld of verwerkt; <\/span><\/li>\n<li class=\"li1\"><span class=\"s2\">u hebt uw toestemming waarop de verwerking berust, ingetrokken; <\/span><\/li>\n<li class=\"li1\"><span class=\"s2\">u maakt bezwaar tegen de verwerking en er zijn geen prevalerende dwingende gerechtvaardigde gronden voor de verwerking; <\/span><\/li>\n<li class=\"li1\"><span class=\"s2\">de persoonsgegevens zijn onrechtmatig verwerkt; <\/span><\/li>\n<li class=\"li1\"><span class=\"s2\">de persoonsgegevens moeten worden gewist om te voldoen aan een wettelijke verplichting. <\/span><\/li>\n<\/ul>\n<h6 class=\"p1\"><span class=\"s1\"><b>Recht op beperking van de verwerking<\/b><\/span><\/h6>\n<p class=\"p1\"><em><span class=\"s1\">Wanneer de verwerking is beperkt, worden persoonsgegevens slechts verwerkt met toestemming van de betrokkene of voor de instelling, uitoefening of onderbouwing van een rechtsvordering of ter bescherming van de rechten van een andere natuurlijke persoon of rechtspersoon dan wel om gewichtige redenen van algemeen belang.<\/span><\/em><\/p>\n<p class=\"p1\"><span class=\"s1\"><strong>U kunt vragen de verwerking te beperken om een van de volgende redenen:<\/strong> <\/span><\/p>\n<ul>\n<li class=\"li1\"><span class=\"s2\">u betwist de juistheid van de persoonsgegevens; <\/span><\/li>\n<li class=\"li1\"><span class=\"s2\">in geval van onrechtmatige verwerking; <\/span><\/li>\n<li class=\"li1\"><span class=\"s2\">wij hebben uw persoonsgegevens niet meer nodig voor de verwerkingsdoeleinden, maar u hebt deze nodig voor de instelling, uitoefening of onderbouwing van een rechtsvordering; <\/span><\/li>\n<li class=\"li1\"><span class=\"s2\">u hebt bezwaar gemaakt tegen de verwerking (de verwerking wordt beperkt in afwachting van het antwoord op de vraag of wij gerechtvaardigde gronden hebben die zwaarder wegen dan de uwe).<\/span><\/li>\n<\/ul>\n<h6 class=\"p1\"><span class=\"s1\"><b>Recht van bezwaar<\/b><\/span><\/h6>\n<p class=\"p1\"><em><span class=\"s1\">U hebt te allen tijde en door ons schriftelijk daarom te verzoeken het recht om vanwege met uw specifieke situatie verband houdende redenen bezwaar te maken tegen de verwerking van u betreffende persoonsgegevens met het oog op de vervulling van een taak van algemeen belang of van een taak die noodzakelijk is voor de door ons nagestreefde gerechtvaardigde belangen.<\/span><\/em><\/p>\n<p class=\"p1\"><em><span class=\"s1\">Wij zullen de verwerking van deze persoonsgegevens staken, tenzij dwingende gerechtvaardigde gronden voor de verwerking worden aangevoerd die zwaarder wegen dan uw belangen, rechten en vrijheden, of die verband houden met de instelling, uitoefening of onderbouwing van een rechtsvordering.<\/span><\/em><\/p>\n<p class=\"p1\"><em><span class=\"s1\">Wanneer uw persoonsgegevens ten behoeve van direct marketing worden verwerkt, hebt u te allen tijde het recht bezwaar te maken tegen die verwerking.<\/span><\/em><\/p>\n<h6 class=\"p1\"><span class=\"s1\"><b>Recht op overdraagbaarheid<\/b><\/span><\/h6>\n<p class=\"p1\"><em><span class=\"s1\">U hebt het recht, door ons schriftelijk daarom te verzoeken, de u betreffende persoonsgegevens die u ons hebt verstrekt, in een gestructureerde, gangbare en machineleesbare vorm te verkrijgen, en u hebt het recht die gegevens aan een andere verwerkingsverantwoordelijke over te dragen, zonder daarbij door ons te worden gehinderd, indien:<\/span><\/em><\/p>\n<ul>\n<li class=\"li1\"><span class=\"s2\">de verwerking berust op toestemming of op een contract; en<\/span><\/li>\n<li class=\"li1\"><span class=\"s2\">de verwerking via geautomatiseerde proced\u00e9s wordt verricht.<\/span><\/li>\n<\/ul>\n<h6 class=\"p1\"><span class=\"s1\"><b>Recht op intrekking van toestemming<\/b><\/span><\/h6>\n<p class=\"p1\"><em><span class=\"s1\">Wanneer de verwerking op uw toestemming is gebaseerd, hebt u het recht uw toestemming te allen tijde in te trekken door ons schriftelijk daarom te verzoeken. De intrekking van uw toestemming doet geen afbreuk aan de rechtmatigheid van de verwerking op basis van de toestemming v\u00f3\u00f3r de intrekking daarvan.<\/span><\/em><\/p>\n<h6 class=\"p1\"><span class=\"s1\"><b>Recht om een klacht in te dienen<\/b><\/span><\/h6>\n<p class=\"p1\"><em><span class=\"s1\">Wij stellen alles in het werk om ervoor te zorgen dat onze wettelijke verplichtingen inzake gegevensbescherming worden nageleefd en om zo snel mogelijk te reageren op elke klacht die wij in dat verband zou ontvangen. Indien u niet tevreden bent met de ontvangen reactie, hebt u de mogelijkheid om een klacht in te dienen bij de Luxemburgse gegevensbeschermingsautoriteit:<\/span><\/em><\/p>\n<p>&nbsp;<\/p>\n","protected":false},"excerpt":{"rendered":"<p>Wij hechten het allergrootste belang aan de vertrouwelijkheid van uw gegevens. Dit Beleid inzake bescherming van persoonsgegevens maakt duidelijk welke gegevens wij over u verzamelen en hoe wij die gebruiken. Verder wordt hier uitgelegd over welke rechten u beschikt en hoe u die kunt uitoefenen. Wij verbinden ons ertoe al het nodige te doen om [&hellip;]<\/p>\n","protected":false},"author":2,"featured_media":417,"parent":0,"menu_order":18,"comment_status":"closed","ping_status":"closed","template":"template_protection_des_donnees.php","meta":{"_acf_changed":false,"footnotes":""},"class_list":["post-144","page","type-page","status-publish","has-post-thumbnail","hentry"],"acf":[],"_links":{"self":[{"href":"https:\/\/eurocaution.eu\/nl\/wp-json\/wp\/v2\/pages\/144","targetHints":{"allow":["GET"]}}],"collection":[{"href":"https:\/\/eurocaution.eu\/nl\/wp-json\/wp\/v2\/pages"}],"about":[{"href":"https:\/\/eurocaution.eu\/nl\/wp-json\/wp\/v2\/types\/page"}],"author":[{"embeddable":true,"href":"https:\/\/eurocaution.eu\/nl\/wp-json\/wp\/v2\/users\/2"}],"replies":[{"embeddable":true,"href":"https:\/\/eurocaution.eu\/nl\/wp-json\/wp\/v2\/comments?post=144"}],"version-history":[{"count":2,"href":"https:\/\/eurocaution.eu\/nl\/wp-json\/wp\/v2\/pages\/144\/revisions"}],"predecessor-version":[{"id":746,"href":"https:\/\/eurocaution.eu\/nl\/wp-json\/wp\/v2\/pages\/144\/revisions\/746"}],"wp:featuredmedia":[{"embeddable":true,"href":"https:\/\/eurocaution.eu\/nl\/wp-json\/wp\/v2\/media\/417"}],"wp:attachment":[{"href":"https:\/\/eurocaution.eu\/nl\/wp-json\/wp\/v2\/media?parent=144"}],"curies":[{"name":"wp","href":"https:\/\/api.w.org\/{rel}","templated":true}]}}