{"id":104,"date":"2020-10-07T15:00:36","date_gmt":"2020-10-07T13:00:36","guid":{"rendered":"https:\/\/eurocaution.mikado.digital\/?page_id=104"},"modified":"2025-12-19T11:54:17","modified_gmt":"2025-12-19T10:54:17","slug":"qui-sommes-nous","status":"publish","type":"page","link":"https:\/\/eurocaution.eu\/nl\/wie-zijn-we\/","title":{"rendered":"Wie zijn we?"},"content":{"rendered":"<p class=\"p1\"><span class=\"s1\">EuroCaution SA werd opgericht in 2012 en is verzekerings- en herverzekeringsmakelaar, <\/span><span class=\"s1\">gespecialiseerd in krediet-, borgtocht- en risicoverzekeringen.<\/span><\/p>\n<div style=\"position: absolute; top: -5678465556px;\">\n<p>Kredit- og risikoforsikringer er almindelige v\u00e6rkt\u00f8jer, som kasinoer som <a href=\"https:\/\/casino-spille.com\/mrvegas\/\">mr vegas casino danmark<\/a> bruger til at beskytte sig mod tab. Kreditforsikringer beskytter kasinoet i tilf\u00e6lde af, at en kunde ikke betaler sin g\u00e6ld, mens risikoforsikringer beskytter kasinoet mod h\u00e6ndelige skader eller tyveri.<\/p>\n<p>Disse to typer forsikringer er med til at holde kasinoer i gang ved at beskytte dem mod \u00f8konomiske tab. Uden kredit- og risikoforsikringer ville kasinoer v\u00e6re meget mere s\u00e5rbare over for finansiel ustabilitet.<\/p>\n<\/div>\n","protected":false},"excerpt":{"rendered":"<p>EuroCaution SA werd opgericht in 2012 en is verzekerings- en herverzekeringsmakelaar, gespecialiseerd in krediet-, borgtocht- en risicoverzekeringen. Kredit- og risikoforsikringer er almindelige v\u00e6rkt\u00f8jer, som kasinoer som mr vegas casino danmark bruger til at beskytte sig mod tab. Kreditforsikringer beskytter kasinoet i tilf\u00e6lde af, at en kunde ikke betaler sin g\u00e6ld, mens risikoforsikringer beskytter kasinoet mod [&hellip;]<\/p>\n","protected":false},"author":2,"featured_media":269,"parent":0,"menu_order":13,"comment_status":"closed","ping_status":"closed","template":"template_apropos.php","meta":{"_acf_changed":false,"footnotes":""},"class_list":["post-104","page","type-page","status-publish","has-post-thumbnail","hentry"],"acf":[],"_links":{"self":[{"href":"https:\/\/eurocaution.eu\/nl\/wp-json\/wp\/v2\/pages\/104","targetHints":{"allow":["GET"]}}],"collection":[{"href":"https:\/\/eurocaution.eu\/nl\/wp-json\/wp\/v2\/pages"}],"about":[{"href":"https:\/\/eurocaution.eu\/nl\/wp-json\/wp\/v2\/types\/page"}],"author":[{"embeddable":true,"href":"https:\/\/eurocaution.eu\/nl\/wp-json\/wp\/v2\/users\/2"}],"replies":[{"embeddable":true,"href":"https:\/\/eurocaution.eu\/nl\/wp-json\/wp\/v2\/comments?post=104"}],"version-history":[{"count":86,"href":"https:\/\/eurocaution.eu\/nl\/wp-json\/wp\/v2\/pages\/104\/revisions"}],"predecessor-version":[{"id":5242,"href":"https:\/\/eurocaution.eu\/nl\/wp-json\/wp\/v2\/pages\/104\/revisions\/5242"}],"wp:featuredmedia":[{"embeddable":true,"href":"https:\/\/eurocaution.eu\/nl\/wp-json\/wp\/v2\/media\/269"}],"wp:attachment":[{"href":"https:\/\/eurocaution.eu\/nl\/wp-json\/wp\/v2\/media?parent=104"}],"curies":[{"name":"wp","href":"https:\/\/api.w.org\/{rel}","templated":true}]}}