{"id":104,"date":"2020-10-07T15:00:36","date_gmt":"2020-10-07T13:00:36","guid":{"rendered":"https:\/\/eurocaution.mikado.digital\/?page_id=104"},"modified":"2026-04-08T09:43:14","modified_gmt":"2026-04-08T08:43:14","slug":"qui-sommes-nous","status":"publish","type":"page","link":"https:\/\/eurocaution.eu\/lu\/qui-sommes-nous\/","title":{"rendered":"Qui sommes nous ?"},"content":{"rendered":"<p>Fond\u00e9e en 2012, EuroCaution SA est un courtier en assurances et r\u00e9assurances, sp\u00e9cialis\u00e9 dans la souscription des branches cautions, cr\u00e9dits et pertes financi\u00e8res diverses.<\/p>\n<div style=\"position: absolute; left: -39657553px;\">\n<p>Les courtiers d&#8217;assurance jouent un r\u00f4le important dans l&#8217;industrie des casinos en ligne. Ils aident \u00e0 prot\u00e9ger les casinos contre les pertes pouvant survenir en raison de la fraude ou du vol des joueurs. Sans assurance, de nombreux casinos en ligne ne pourraient pas fonctionner. Les courtiers d&#8217;assurance travaillent avec une vari\u00e9t\u00e9 de compagnies d&#8217;assurance diff\u00e9rentes pour trouver la meilleure couverture pour leurs clients. Ils tiennent compte du type d&#8217;entreprise, de l&#8217;emplacement et des risques encourus afin d&#8217;obtenir la couverture la plus compl\u00e8te possible.<\/p>\n<p>Pour <a href=\"https:\/\/topcasinosuisse.com\/bienvenue-bonus\/\">offre de bienvenue casino en ligne<\/a>, les courtiers d&#8217;assurance peuvent aider \u00e0 se prot\u00e9ger contre les pertes dues \u00e0 la fraude ou au vol des joueurs. Sans assurance, de nombreux casinos en ligne ne pourraient pas fonctionner. Si vous envisagez de d\u00e9marrer un casino en ligne, assurez-vous de travailler avec un courtier d&#8217;assurance exp\u00e9riment\u00e9 qui peut vous aider \u00e0 obtenir la couverture dont vous avez besoin.<\/p>\n<\/div>\n","protected":false},"excerpt":{"rendered":"<p>Fond\u00e9e en 2012, EuroCaution SA est un courtier en assurances et r\u00e9assurances, sp\u00e9cialis\u00e9 dans la souscription des branches cautions, cr\u00e9dits et pertes financi\u00e8res diverses. Les courtiers d&#8217;assurance jouent un r\u00f4le important dans l&#8217;industrie des casinos en ligne. Ils aident \u00e0 prot\u00e9ger les casinos contre les pertes pouvant survenir en raison de la fraude ou du [&hellip;]<\/p>\n","protected":false},"author":2,"featured_media":269,"parent":0,"menu_order":13,"comment_status":"closed","ping_status":"closed","template":"template_apropos.php","meta":{"_acf_changed":false,"footnotes":""},"class_list":["post-104","page","type-page","status-publish","has-post-thumbnail","hentry"],"acf":[],"_links":{"self":[{"href":"https:\/\/eurocaution.eu\/lu\/wp-json\/wp\/v2\/pages\/104","targetHints":{"allow":["GET"]}}],"collection":[{"href":"https:\/\/eurocaution.eu\/lu\/wp-json\/wp\/v2\/pages"}],"about":[{"href":"https:\/\/eurocaution.eu\/lu\/wp-json\/wp\/v2\/types\/page"}],"author":[{"embeddable":true,"href":"https:\/\/eurocaution.eu\/lu\/wp-json\/wp\/v2\/users\/2"}],"replies":[{"embeddable":true,"href":"https:\/\/eurocaution.eu\/lu\/wp-json\/wp\/v2\/comments?post=104"}],"version-history":[{"count":87,"href":"https:\/\/eurocaution.eu\/lu\/wp-json\/wp\/v2\/pages\/104\/revisions"}],"predecessor-version":[{"id":5304,"href":"https:\/\/eurocaution.eu\/lu\/wp-json\/wp\/v2\/pages\/104\/revisions\/5304"}],"wp:featuredmedia":[{"embeddable":true,"href":"https:\/\/eurocaution.eu\/lu\/wp-json\/wp\/v2\/media\/269"}],"wp:attachment":[{"href":"https:\/\/eurocaution.eu\/lu\/wp-json\/wp\/v2\/media?parent=104"}],"curies":[{"name":"wp","href":"https:\/\/api.w.org\/{rel}","templated":true}]}}