{"id":658,"date":"2020-09-30T14:28:24","date_gmt":"2020-09-30T12:28:24","guid":{"rendered":"https:\/\/eurocaution.mikado.digital\/?page_id=8"},"modified":"2024-04-03T10:50:04","modified_gmt":"2024-04-03T09:50:04","slug":"accueil","status":"publish","type":"page","link":"https:\/\/eurocaution.eu\/fr\/","title":{"rendered":"EuroCaution, courtier sp\u00e9cialis\u00e9 en garanties financi\u00e8res (bancaires) et cautions"},"content":{"rendered":"","protected":false},"excerpt":{"rendered":"","protected":false},"author":2,"featured_media":0,"parent":0,"menu_order":12,"comment_status":"closed","ping_status":"closed","template":"home.php","meta":{"_acf_changed":false,"footnotes":""},"class_list":["post-658","page","type-page","status-publish","hentry"],"acf":[],"_links":{"self":[{"href":"https:\/\/eurocaution.eu\/fr\/wp-json\/wp\/v2\/pages\/658","targetHints":{"allow":["GET"]}}],"collection":[{"href":"https:\/\/eurocaution.eu\/fr\/wp-json\/wp\/v2\/pages"}],"about":[{"href":"https:\/\/eurocaution.eu\/fr\/wp-json\/wp\/v2\/types\/page"}],"author":[{"embeddable":true,"href":"https:\/\/eurocaution.eu\/fr\/wp-json\/wp\/v2\/users\/2"}],"replies":[{"embeddable":true,"href":"https:\/\/eurocaution.eu\/fr\/wp-json\/wp\/v2\/comments?post=658"}],"version-history":[{"count":19,"href":"https:\/\/eurocaution.eu\/fr\/wp-json\/wp\/v2\/pages\/658\/revisions"}],"predecessor-version":[{"id":4218,"href":"https:\/\/eurocaution.eu\/fr\/wp-json\/wp\/v2\/pages\/658\/revisions\/4218"}],"wp:attachment":[{"href":"https:\/\/eurocaution.eu\/fr\/wp-json\/wp\/v2\/media?parent=658"}],"curies":[{"name":"wp","href":"https:\/\/api.w.org\/{rel}","templated":true}]}}