{"id":451,"date":"2020-11-10T15:49:34","date_gmt":"2020-11-10T14:49:34","guid":{"rendered":"https:\/\/eurocaution.mikado.digital\/?page_id=451"},"modified":"2022-11-18T11:57:54","modified_gmt":"2022-11-18T10:57:54","slug":"information-precontractuelle","status":"publish","type":"page","link":"https:\/\/eurocaution.eu\/fr\/information-precontractuelle\/","title":{"rendered":"Information pr\u00e9contractuelle"},"content":{"rendered":"<p class=\"p1\"><span class=\"s1\"><strong>Qui sommes-nous\u00a0?<\/strong> <\/span><\/p>\n<p class=\"p1\"><span class=\"s1\">Nous, EuroCaution Benelux SA, ci-apr\u00e8s EuroCaution, sommes un courtier en assurances et r\u00e9assurances dont le si\u00e8ge social est \u00e9tabli au Grand-Duch\u00e9 de Luxembourg, rue de M\u00e9rovingiens, 7, \u00e0 L-8070 Bertange<\/span><\/p>\n<p class=\"p1\"><span class=\"s1\">Nous sommes inscrits au Registre de commerce et des soci\u00e9t\u00e9s de Luxembourg sous le num\u00e9ro B169101 et agr\u00e9\u00e9s aupr\u00e8s du Commissariat aux Assurances sous le num\u00e9ro 2012CM012. Notre immatriculation peut \u00eatre v\u00e9rifi\u00e9e \u00e0 tout moment sur le site internet du Commissariat aux Assurances\u00a0: <a href=\"http:\/\/www.caa.lu\"><span class=\"s2\">www.caa.lu<\/span><\/a>.<\/span><\/p>\n<p class=\"p1\"><span class=\"s1\">Nous exer\u00e7ons nos activit\u00e9s sous le contr\u00f4le du Commissariat aux Assurances, autorit\u00e9 de surveillance luxembourgeoise du secteur des assurances, \u00e9tabli au Grand-Duch\u00e9 de Luxembourg, Boulevard Joseph II, 7, \u00e0 L-1840 Luxembourg.<\/span><\/p>\n<p class=\"p2\"><span class=\"s1\">Nous sommes \u00e9galement d\u00fbment habilit\u00e9s \u00e0 exercer nos services en Belgique en libre prestation de services et sommes \u00e0 cet effet inscrits aupr\u00e8s de la FSMA, autorit\u00e9 belge des services et march\u00e9s financiers, \u00e9tablie en Belgique, Rue du Congr\u00e8s, 12-14 \u00e0 1000 Bruxelles (<a href=\"http:\/\/www.fsma.be\"><span class=\"s2\">www.fsma.be<\/span><\/a>).<\/span><\/p>\n<p class=\"p1\"><strong><span class=\"s1\">Comment pouvez-vous nous contacter\u00a0et comment communiquons-nous avec vous\u00a0?<\/span><\/strong><\/p>\n<p class=\"p1\"><span class=\"s1\">Vous pouvez utiliser les modes de communication suivants\u00a0:<\/span><\/p>\n<p class=\"p2\"><span class=\"s2\">Mail\u00a0: <a href=\"mailto:info@eurocaution-benelux.com\"><span class=\"s3\">info@eurocaution-benelux.com<\/span><\/a><\/span><\/p>\n<p class=\"p1\"><span class=\"s1\">T\u00e9l\u00e9phone\u00a0: Luxembourg\u00a0: +352 20 21 23 24 \u2013 99<\/span><\/p>\n<p class=\"p3\"><span class=\"s1\">Belgique\u00a0: +32 2 588 27 63<\/span><\/p>\n<p class=\"p1\"><span class=\"s1\">Courrier\u00a0:7, rue des M\u00e9rovingiens, L-8070 Bertrange, Grand-Duch\u00e9 de Luxembourg<\/span><\/p>\n<p class=\"p1\"><span class=\"s1\">Et vous pouvez vous adresser \u00e0 nous dans les langues suivantes\u00a0: Anglais, Fran\u00e7ais et N\u00e9erlandais<\/span><\/p>\n<p class=\"p1\"><span class=\"s1\">Nos bureaux sont ouverts du lundi au vendredi de 9h \u00e0 12h et de 14h \u00e0 17h<\/span><\/p>\n<p class=\"p1\"><span class=\"s1\">\u00c0 partir du moment o\u00f9 vous nous avez communiqu\u00e9 votre adresse e-mail au point I ci-avant, nous communiquerons principalement avec vous par ce moyen, en vous transmettant les documents et informations sur support durable. <\/span><\/p>\n<p class=\"p2\"><span class=\"s1\">Nous attirons votre attention sur le fait que vous pouvez cependant toujours, gratuitement, nous demander d\u2019obtenir des documents papier. <\/span><\/p>\n<p class=\"p1\"><strong><span class=\"s1\">Quels sont les services que nous vous offrons et \u00e0 quelles conditions\u00a0?<\/span><\/strong><\/p>\n<p class=\"p1\"><span class=\"s1\">Nous offrons des services de distribution d\u2019assurances aux clients professionnels, \u00e0 l\u2019exclusion des consommateurs. Nos services consistent \u00e0 fournir des conseils sur des contrats d\u2019assurance, \u00e0 proposer des contrats d\u2019assurance ou \u00e0 r\u00e9aliser d\u2019autres travaux pr\u00e9paratoires \u00e0 leur conclusion, \u00e0 conclure de tels contrats, ou \u00e0 contribuer \u00e0 leur gestion et \u00e0 leur ex\u00e9cution, notamment en cas de sinistre. Nous offrons nos services pour des risques situ\u00e9s au Grand-Duch\u00e9 de Luxembourg mais \u00e9galement, en libre prestation de services, dans les pays suivants\u00a0: Allemagne, Autriche, Belgique, Estonie, Finlande, France, Pays-Bas, Pologne, Su\u00e8de.<\/span><\/p>\n<p class=\"p2\"><span class=\"s1\">Nos services de distribution et de conseil sont totalement ind\u00e9pendants. En raison de notre statut de courtier, nous travaillons ind\u00e9pendamment de toute entreprise d\u2019assurance et nous agissons pour la pr\u00e9servation de vos int\u00e9r\u00eats, en vos conseillant des solutions conformes \u00e0 vos besoins et en vous repr\u00e9sentant aupr\u00e8s des entreprises d\u2019assurances. <\/span><\/p>\n<p class=\"p2\"><span class=\"s1\">Conform\u00e9ment \u00e0 la loi luxembourgeoise du 7 d\u00e9cembre 2015 sur le secteur des assurances, lorsque nous distribuons un contrat d\u2019assurance \u00e0 un client ayant sa r\u00e9sidence habituelle ou son \u00e9tablissement au Grand-Duch\u00e9 de Luxembourg, nous fournissons toujours des conseils, sauf si vous y renoncez express\u00e9ment. Ces conseils sont bas\u00e9s sur une analyse impartiale et personnalis\u00e9e, c\u2019est-\u00e0-dire fond\u00e9s sur l\u2019analyse d\u2019un nombre suffisant de contrats d\u2019assurance offerts sur le march\u00e9 de fa\u00e7on \u00e0 pouvoir vous recommander de mani\u00e8re personnalis\u00e9e le contrat d\u2019assurance qui est adapt\u00e9 \u00e0 vos besoins.<\/span><\/p>\n<p class=\"p2\"><span class=\"s1\">En revanche, lorsque nous distribuons un contrat d\u2019assurance \u00e0 un client ayant sa r\u00e9sidence habituelle ou son \u00e9tablissement en Belgique, nous ne fournissons pas de conseil, conform\u00e9ment \u00e0 la loi belge du 4 avril 2014 relative aux assurances.<\/span><\/p>\n<p class=\"p2\"><span class=\"s1\">Nos services sont prest\u00e9s conform\u00e9ment aux conditions g\u00e9n\u00e9rales de courtage annex\u00e9es au pr\u00e9sent document et que vous accepterez par la signature de ce document.<\/span><\/p>\n<p class=\"p3\"><span class=\"s1\">Vous trouverez toutes les informations en <a href=\"\/qui-sommes-nous\/\">cliquant ici<\/a><\/span><\/p>\n<p class=\"p1\"><strong><span class=\"s1\">Contestations \u00e9ventuelles<\/span><\/strong><\/p>\n<p class=\"p1\"><span class=\"s1\">Sans pr\u00e9judice de votre droit d\u2019agir en justice, en cas de probl\u00e8me, de question, de r\u00e9clamation ou de contestation \u00e9ventuels, vous pouvez prendre contact directement et en priorit\u00e9 avec nous via l\u2019un des moyens de communication repris ci-dessus. Afin que les r\u00e9clamations puissent \u00eatre trait\u00e9es dans les meilleurs d\u00e9lais, veillez \u00e0 mentionner au moins les informations suivantes\u00a0:<\/span><\/p>\n<ul class=\"ul1\">\n<li class=\"li1\"><span class=\"s2\">nom et pr\u00e9nom\u00a0;<\/span><\/li>\n<li class=\"li1\"><span class=\"s2\">adresse postale compl\u00e8te\u00a0;<\/span><\/li>\n<li class=\"li1\"><span class=\"s2\">Coordonn\u00e9es t\u00e9l\u00e9phoniques et\/ou \u00e9lectroniques\u00a0;<\/span><\/li>\n<li class=\"li1\"><span class=\"s2\">num\u00e9ro du contrat d\u2019assurance concern\u00e9 (ou \u00e0 tout le moins le type d\u2019assurance et\/ou la compagnie d\u2019assurance).<\/span><\/li>\n<\/ul>\n<p class=\"p1\"><span class=\"s1\">Si, malgr\u00e9 nos efforts pour r\u00e9soudre le probl\u00e8me, aucune solution ne devait \u00eatre trouv\u00e9e ou si, de mani\u00e8re g\u00e9n\u00e9rale, vos souhaitez d\u00e9poser une plainte concernant la prestation de service fournie, vous pouvez vous adresser au Commissariat aux Assurances, organe habilit\u00e9 \u00e0 recevoir et examiner les r\u00e9clamations \u00e9manant des consommateurs conform\u00e9ment \u00e0 l\u2019article 2, (1), litera g, de la loi du 7 d\u00e9cembre 2015 sur le secteur des assurances\u00a0:<\/span><\/p>\n<p class=\"p1\"><span class=\"s1\">Par mail\u00a0: <a href=\"mailto:caa@caa.lu\"><span class=\"s2\">caa@caa.lu<\/span><\/a><\/span><\/p>\n<p class=\"p1\"><span class=\"s1\">Par t\u00e9l\u00e9phone\u00a0: (+352) 22 69 11 \u2013 1 ou par fax\u00a0: (+352) 22 69 10<\/span><\/p>\n<p class=\"p1\"><span class=\"s1\">Par courrier\u00a0: Boulevard Joseph II, 7, L-1840 LUXEMBOURG, Grand-duch\u00e9 de Luxembourg<\/span><\/p>\n<p class=\"p1\"><span class=\"s1\">En Belgique, vous pouvez \u00e9galement vous adresser \u00e0 l\u2019Ombudsman des Assurances\u00a0:<\/span><\/p>\n<p class=\"p2\"><span class=\"s3\">Par mail\u00a0: <a href=\"mailto:info@ombudsman.as\"><span class=\"s2\">info@ombudsman.as<\/span><\/a><\/span><\/p>\n<p class=\"p1\"><span class=\"s1\">Par t\u00e9l\u00e9phone\u00a0: +32 (0)2 547 58 71 ou par fax\u00a0: +32 (0)2 547 59 75<\/span><\/p>\n<p class=\"p3\"><span class=\"s1\">Par courrier\u00a0: Square de Mee\u00fbs, 35 \u00e0 1000 Bruxelles<\/span><\/p>\n<p class=\"p1\"><strong><span class=\"s1\">Notre garantie d\u2019ind\u00e9pendance<\/span><\/strong><\/p>\n<p class=\"p2\"><span class=\"s1\">Nous confirmons ici\u00a0:<\/span><\/p>\n<ul class=\"ul1\">\n<li class=\"li3\"><span class=\"s1\">que nous ne d\u00e9tenons pas de participation, directe ou indirecte, repr\u00e9sentant 10% ou plus des droits de vote ou du capital d\u2019une entreprise d\u2019assurances\u00a0;<\/span><\/li>\n<li class=\"li3\"><span class=\"s1\">qu\u2019aucune entreprise d\u2019assurances ou soci\u00e9t\u00e9 m\u00e8re d\u2019une entreprise d\u2019assurances ne d\u00e9tient de participation, directe ou indirecte, repr\u00e9sentant 10% ou plus de nos droits de vote ou de notre capital.<\/span><\/li>\n<li class=\"li3\"><span class=\"s1\"> qu\u2019il existe des contrats de services allant au-del\u00e0 de l\u2019activit\u00e9 de distribution d\u2019assurances que nous avons conclus avec les entreprises d\u2019assurances suivantes : Zurich, TMHCC, Atradius, Accredited Insurance Europe Limited (AIEL).<\/span><\/li>\n<\/ul>\n<p class=\"p1\"><strong><span class=\"s1\">Comment sommes-nous r\u00e9mun\u00e9r\u00e9s pour les services que nous offrons\u00a0?<\/span><\/strong><\/p>\n<p class=\"p1\"><span class=\"s1\">Pour les services de distribution d\u2019assurances prest\u00e9s en relation avec un contrat d\u2019assurance, nous sommes r\u00e9mun\u00e9r\u00e9s exclusivement\u00a0:<\/span><\/p>\n<ul class=\"ul1\">\n<li class=\"li2\"><span class=\"s1\">sous la forme de commissions pay\u00e9es par les compagnies d\u2019assurance et incluses dans la prime d\u2019assurance\u00a0;<\/span><\/li>\n<li class=\"li2\"><span class=\"s1\">sur la base d\u2019honoraires, c\u2019est-\u00e0-dire une r\u00e9mun\u00e9ration pay\u00e9e directement par vous, notre m\u00e9thode de calcul des honoraires \u00e9tant un pourcentage de la prime vers\u00e9e \u00e0 l\u2019assureur\u00a0;<\/span><\/li>\n<li class=\"li2\"><span class=\"s1\">sur la base d\u2019une combinaison de commissions et d\u2019honoraires.<\/span><\/li>\n<\/ul>\n<p class=\"p1\"><span class=\"s1\">Un \u00e9ventuel compl\u00e9ment d\u2019information sur notre syst\u00e8me de r\u00e9mun\u00e9rations peut \u00eatre obtenu sur simple demande.<\/span><\/p>\n","protected":false},"excerpt":{"rendered":"<p>Qui sommes-nous\u00a0? Nous, EuroCaution Benelux SA, ci-apr\u00e8s EuroCaution, sommes un courtier en assurances et r\u00e9assurances dont le si\u00e8ge social est \u00e9tabli au Grand-Duch\u00e9 de Luxembourg, rue de M\u00e9rovingiens, 7, \u00e0 L-8070 Bertange Nous sommes inscrits au Registre de commerce et des soci\u00e9t\u00e9s de Luxembourg sous le num\u00e9ro B169101 et agr\u00e9\u00e9s aupr\u00e8s du Commissariat aux Assurances [&hellip;]<\/p>\n","protected":false},"author":2,"featured_media":417,"parent":0,"menu_order":11,"comment_status":"closed","ping_status":"closed","template":"template_info_precontractuelle.php","meta":{"_acf_changed":false,"footnotes":""},"class_list":["post-451","page","type-page","status-publish","has-post-thumbnail","hentry"],"acf":[],"_links":{"self":[{"href":"https:\/\/eurocaution.eu\/fr\/wp-json\/wp\/v2\/pages\/451","targetHints":{"allow":["GET"]}}],"collection":[{"href":"https:\/\/eurocaution.eu\/fr\/wp-json\/wp\/v2\/pages"}],"about":[{"href":"https:\/\/eurocaution.eu\/fr\/wp-json\/wp\/v2\/types\/page"}],"author":[{"embeddable":true,"href":"https:\/\/eurocaution.eu\/fr\/wp-json\/wp\/v2\/users\/2"}],"replies":[{"embeddable":true,"href":"https:\/\/eurocaution.eu\/fr\/wp-json\/wp\/v2\/comments?post=451"}],"version-history":[{"count":7,"href":"https:\/\/eurocaution.eu\/fr\/wp-json\/wp\/v2\/pages\/451\/revisions"}],"predecessor-version":[{"id":3082,"href":"https:\/\/eurocaution.eu\/fr\/wp-json\/wp\/v2\/pages\/451\/revisions\/3082"}],"wp:featuredmedia":[{"embeddable":true,"href":"https:\/\/eurocaution.eu\/fr\/wp-json\/wp\/v2\/media\/417"}],"wp:attachment":[{"href":"https:\/\/eurocaution.eu\/fr\/wp-json\/wp\/v2\/media?parent=451"}],"curies":[{"name":"wp","href":"https:\/\/api.w.org\/{rel}","templated":true}]}}