{"id":396,"date":"2020-10-29T14:44:27","date_gmt":"2020-10-29T13:44:27","guid":{"rendered":"https:\/\/eurocaution.mikado.digital\/?page_id=396"},"modified":"2022-02-06T11:55:03","modified_gmt":"2022-02-06T10:55:03","slug":"jobs-eurocaution","status":"publish","type":"page","link":"https:\/\/eurocaution.eu\/fr\/jobs-eurocaution\/","title":{"rendered":"Jobs"},"content":{"rendered":"<p>Souhaitez-vous int\u00e9grer une entreprise seine et en pleine croissance ? Etes-vous dynamique et avez-vous le sens de l\u2019initiative ? Donner du support aux \u00e9quipes de vente vous passionne ? N\u2019attendez plus une minute et lisez vite la description de fonction du poste de Support Sales Officer chez Eurocaution Benelux !<\/p>\n<p><strong>Vos t\u00e2ches au quotidien : <\/strong><\/p>\n<p>Dans ce r\u00f4le, vous assistez les \u00e9quipes commerciales dans leurs t\u00e2ches quotidiennes :<\/p>\n<ul>\n<li>Vous g\u00e9rez les relations avec les courtiers (Belgique et Luxembourg)\u00a0: r\u00e9ception des dossiers, pr\u00e9analyse, envoi de l\u2019offre et des contrats. Traitement par email et par t\u00e9l\u00e9phone.<\/li>\n<li>Gestion de support des commerciaux :\n<ul>\n<li>Pr\u00e9paration des dossiers dans le logiciel,<\/li>\n<li>Pr\u00e9paration des offres,<\/li>\n<li>Pr\u00e9paration des contrats,<\/li>\n<li>Suivi des dossiers et des \u00e9l\u00e9ments manquants,<\/li>\n<li>Adaptation des \u00e9l\u00e9ments contractuels,<\/li>\n<li>Assistance dans les t\u00e2ches quotidiennes des commerciaux,<\/li>\n<\/ul>\n<\/li>\n<li>Gestion des questions\/r\u00e9ponses aux responsables administratifs des clients et des courtiers\u00a0;<\/li>\n<li>Vous rapportez au Sales Manager interne.<\/li>\n<\/ul>\n<p><strong>Qui est notre Support Sales Officer id\u00e9al ? <\/strong><\/p>\n<ul>\n<li>Vous \u00eates de pr\u00e9f\u00e9rence titulaire d\u2019un dipl\u00f4me de l\u2019enseignement sup\u00e9rieur (Bachelier) ou \u00e9quivalent par exp\u00e9rience ;<\/li>\n<li>Vous avez une exp\u00e9rience pertinente en support commercial ;<\/li>\n<li>Vous travaillez de fa\u00e7on structur\u00e9e, avec pr\u00e9cision et le sourire ;<\/li>\n<li>Vous avez l\u2019esprit de synth\u00e8se et avez une aisance \u00e0 travailler en \u00e9quipe<\/li>\n<li>Vous avez d&#8217;excellentes comp\u00e9tences orales et \u00e9crites <strong>e<u>n fran\u00e7ais et en n\u00e9erlandais\u00a0<\/u><\/strong>;<\/li>\n<li>Vous fonctionner de mani\u00e8re autonome, prenez des initiatives et \u00eates tr\u00e8s organis\u00e9(e) ;<\/li>\n<li>Vous avez une bonne connaissance en Excel, Word et Outlook.<\/li>\n<\/ul>\n<p><strong>Ce que nous offrons ? <\/strong><\/p>\n<ul>\n<li>Un environnement de travail dynamique et entreprenant au sein d\u2019une structure europ\u00e9enne en pleine croissance dans les bureaux sont situ\u00e9s \u00e0 Luxembourg (Bertrange);<\/li>\n<li>Un travail vari\u00e9 offrant des opportunit\u00e9s de d\u00e9veloppement personnel et une formation continue ;<\/li>\n<li>Un salaire attractif, compl\u00e9t\u00e9 par des avantages extra-l\u00e9gaux.<\/li>\n<\/ul>\n<p><strong>Vous souhaitez postuler\u00a0?<\/strong><\/p>\n<p>Envoyer votre CV par email \u00e0 <a href=\"mailto:jessy.ventura@eurocaution-benelux.com\">jessy.ventura@eurocaution-benelux.com<\/a><\/p>\n","protected":false},"excerpt":{"rendered":"<p>Souhaitez-vous int\u00e9grer une entreprise seine et en pleine croissance ? Etes-vous dynamique et avez-vous le sens de l\u2019initiative ? Donner du support aux \u00e9quipes de vente vous passionne ? N\u2019attendez plus une minute et lisez vite la description de fonction du poste de Support Sales Officer chez Eurocaution Benelux ! Vos t\u00e2ches au quotidien : [&hellip;]<\/p>\n","protected":false},"author":2,"featured_media":0,"parent":0,"menu_order":22,"comment_status":"closed","ping_status":"closed","template":"template_jobs.php","meta":{"_acf_changed":false,"footnotes":""},"class_list":["post-396","page","type-page","status-publish","hentry"],"acf":[],"_links":{"self":[{"href":"https:\/\/eurocaution.eu\/fr\/wp-json\/wp\/v2\/pages\/396","targetHints":{"allow":["GET"]}}],"collection":[{"href":"https:\/\/eurocaution.eu\/fr\/wp-json\/wp\/v2\/pages"}],"about":[{"href":"https:\/\/eurocaution.eu\/fr\/wp-json\/wp\/v2\/types\/page"}],"author":[{"embeddable":true,"href":"https:\/\/eurocaution.eu\/fr\/wp-json\/wp\/v2\/users\/2"}],"replies":[{"embeddable":true,"href":"https:\/\/eurocaution.eu\/fr\/wp-json\/wp\/v2\/comments?post=396"}],"version-history":[{"count":5,"href":"https:\/\/eurocaution.eu\/fr\/wp-json\/wp\/v2\/pages\/396\/revisions"}],"predecessor-version":[{"id":2127,"href":"https:\/\/eurocaution.eu\/fr\/wp-json\/wp\/v2\/pages\/396\/revisions\/2127"}],"wp:attachment":[{"href":"https:\/\/eurocaution.eu\/fr\/wp-json\/wp\/v2\/media?parent=396"}],"curies":[{"name":"wp","href":"https:\/\/api.w.org\/{rel}","templated":true}]}}