{"id":1385,"date":"2021-05-18T10:48:35","date_gmt":"2021-05-18T09:48:35","guid":{"rendered":"https:\/\/eurocaution.eu\/fr\/?page_id=1385"},"modified":"2021-06-10T10:24:11","modified_gmt":"2021-06-10T09:24:11","slug":"eurocaution-tv","status":"publish","type":"page","link":"https:\/\/eurocaution.eu\/fr\/eurocaution-tv\/","title":{"rendered":"Eurocaution TV"},"content":{"rendered":"<h2>EuroCaution est fi\u00e8re de vous faire d\u00e9couvrir une s\u00e9rie de capsules vid\u00e9os r\u00e9alis\u00e9es en collaboration avec nos clients, partenaires, ou autres collaborateurs d\u2019EuroCaution Benelux.<\/h2>\n","protected":false},"excerpt":{"rendered":"<p>EuroCaution est fi\u00e8re de vous faire d\u00e9couvrir une s\u00e9rie de capsules vid\u00e9os r\u00e9alis\u00e9es en collaboration avec nos clients, partenaires, ou autres collaborateurs d\u2019EuroCaution Benelux.<\/p>\n","protected":false},"author":2,"featured_media":0,"parent":0,"menu_order":4,"comment_status":"closed","ping_status":"closed","template":"template_eurocaution_tv.php","meta":{"_acf_changed":false,"footnotes":""},"class_list":["post-1385","page","type-page","status-publish","hentry"],"acf":[],"_links":{"self":[{"href":"https:\/\/eurocaution.eu\/fr\/wp-json\/wp\/v2\/pages\/1385","targetHints":{"allow":["GET"]}}],"collection":[{"href":"https:\/\/eurocaution.eu\/fr\/wp-json\/wp\/v2\/pages"}],"about":[{"href":"https:\/\/eurocaution.eu\/fr\/wp-json\/wp\/v2\/types\/page"}],"author":[{"embeddable":true,"href":"https:\/\/eurocaution.eu\/fr\/wp-json\/wp\/v2\/users\/2"}],"replies":[{"embeddable":true,"href":"https:\/\/eurocaution.eu\/fr\/wp-json\/wp\/v2\/comments?post=1385"}],"version-history":[{"count":5,"href":"https:\/\/eurocaution.eu\/fr\/wp-json\/wp\/v2\/pages\/1385\/revisions"}],"predecessor-version":[{"id":1419,"href":"https:\/\/eurocaution.eu\/fr\/wp-json\/wp\/v2\/pages\/1385\/revisions\/1419"}],"wp:attachment":[{"href":"https:\/\/eurocaution.eu\/fr\/wp-json\/wp\/v2\/media?parent=1385"}],"curies":[{"name":"wp","href":"https:\/\/api.w.org\/{rel}","templated":true}]}}