{"id":104,"date":"2020-10-07T15:00:36","date_gmt":"2020-10-07T13:00:36","guid":{"rendered":"https:\/\/eurocaution.mikado.digital\/?page_id=104"},"modified":"2025-12-19T11:54:17","modified_gmt":"2025-12-19T10:54:17","slug":"qui-sommes-nous","status":"publish","type":"page","link":"https:\/\/eurocaution.eu\/fr\/qui-sommes-nous\/","title":{"rendered":"Qui sommes nous ?"},"content":{"rendered":"<p>Fond\u00e9e en 2012, EuroCaution SA est un courtier en assurances et r\u00e9assurances, sp\u00e9cialis\u00e9 dans la souscription des branches cautions, cr\u00e9dits et pertes financi\u00e8res diverses.<\/p>\n","protected":false},"excerpt":{"rendered":"<p>Fond\u00e9e en 2012, EuroCaution SA est un courtier en assurances et r\u00e9assurances, sp\u00e9cialis\u00e9 dans la souscription des branches cautions, cr\u00e9dits et pertes financi\u00e8res diverses.<\/p>\n","protected":false},"author":2,"featured_media":269,"parent":0,"menu_order":13,"comment_status":"closed","ping_status":"closed","template":"template_apropos.php","meta":{"_acf_changed":false,"footnotes":""},"class_list":["post-104","page","type-page","status-publish","has-post-thumbnail","hentry"],"acf":[],"_links":{"self":[{"href":"https:\/\/eurocaution.eu\/fr\/wp-json\/wp\/v2\/pages\/104","targetHints":{"allow":["GET"]}}],"collection":[{"href":"https:\/\/eurocaution.eu\/fr\/wp-json\/wp\/v2\/pages"}],"about":[{"href":"https:\/\/eurocaution.eu\/fr\/wp-json\/wp\/v2\/types\/page"}],"author":[{"embeddable":true,"href":"https:\/\/eurocaution.eu\/fr\/wp-json\/wp\/v2\/users\/2"}],"replies":[{"embeddable":true,"href":"https:\/\/eurocaution.eu\/fr\/wp-json\/wp\/v2\/comments?post=104"}],"version-history":[{"count":86,"href":"https:\/\/eurocaution.eu\/fr\/wp-json\/wp\/v2\/pages\/104\/revisions"}],"predecessor-version":[{"id":5242,"href":"https:\/\/eurocaution.eu\/fr\/wp-json\/wp\/v2\/pages\/104\/revisions\/5242"}],"wp:featuredmedia":[{"embeddable":true,"href":"https:\/\/eurocaution.eu\/fr\/wp-json\/wp\/v2\/media\/269"}],"wp:attachment":[{"href":"https:\/\/eurocaution.eu\/fr\/wp-json\/wp\/v2\/media?parent=104"}],"curies":[{"name":"wp","href":"https:\/\/api.w.org\/{rel}","templated":true}]}}