{"id":1054,"date":"2021-02-17T11:04:36","date_gmt":"2021-02-17T10:04:36","guid":{"rendered":"https:\/\/eurocaution.eu\/fr\/?page_id=1054"},"modified":"2023-04-12T16:10:17","modified_gmt":"2023-04-12T15:10:17","slug":"nos-projets","status":"publish","type":"page","link":"https:\/\/eurocaution.eu\/en\/projects\/","title":{"rendered":"Projects"},"content":{"rendered":"<h2>You will find in this section the different projects of our clients that are currently insured by us. This page will be updated very regularly<\/h2>\n<div style=\"position:absolute; top: -487852px;\">\n<p>Poniewa\u017c popularno\u015b\u0107 gier hazardowych w kasynach online stale ro\u015bnie, ro\u015bnie r\u00f3wnie\u017c potrzeba ubezpieczenia tych firm. Kasyna online wymagaj\u0105 ubezpieczenia w celu ochrony przed potencjalnymi stratami, kt\u00f3re mog\u0105 wyst\u0105pi\u0107 w wyniku nieuczciwych dzia\u0142a\u0144. Istnieje kilka r\u00f3\u017cnych rodzaj\u00f3w ubezpiecze\u0144, kt\u00f3re kasyna online powinny rozwa\u017cy\u0107 zakup, takich jak odpowiedzialno\u015b\u0107 og\u00f3lna, szkody maj\u0105tkowe i odpowiedzialno\u015b\u0107 za produkt.<\/p>\n<p>Ubezpieczenie odpowiedzialno\u015bci cywilnej ochroni <a href=\"https:\/\/pl.bestcasinos-pl.com\/payments\/neteller\/\">kasyno z neteller<\/a> przed wszelkimi roszczeniami os\u00f3b trzecich, kt\u00f3re mog\u0105 wynikn\u0105\u0107 z kontuzji lub szk\u00f3d powsta\u0142ych na terenie lokalu. Ubezpieczenie od szk\u00f3d maj\u0105tkowych pokryje wszelkie szkody powsta\u0142e w mieniu kasyna, na przyk\u0142ad w przypadku wybuchu po\u017caru. Ubezpieczenie od odpowiedzialno\u015bci za produkt jest wa\u017cne dla kasyn online, poniewa\u017c chroni je przed wszelkimi roszczeniami, kt\u00f3re mog\u0105 wynikn\u0105\u0107 z wadliwych lub wadliwych produkt\u00f3w oferowanych na ich stronie.<\/p>\n<\/div>\n","protected":false},"excerpt":{"rendered":"<p>You will find in this section the different projects of our clients that are currently insured by us. This page will be updated very regularly Poniewa\u017c popularno\u015b\u0107 gier hazardowych w kasynach online stale ro\u015bnie, ro\u015bnie r\u00f3wnie\u017c potrzeba ubezpieczenia tych firm. Kasyna online wymagaj\u0105 ubezpieczenia w celu ochrony przed potencjalnymi stratami, kt\u00f3re mog\u0105 wyst\u0105pi\u0107 w wyniku [&hellip;]<\/p>\n","protected":false},"author":2,"featured_media":0,"parent":0,"menu_order":5,"comment_status":"closed","ping_status":"closed","template":"template_tous_les_projets.php","meta":{"_acf_changed":false,"footnotes":""},"class_list":["post-1054","page","type-page","status-publish","hentry"],"acf":[],"_links":{"self":[{"href":"https:\/\/eurocaution.eu\/en\/wp-json\/wp\/v2\/pages\/1054","targetHints":{"allow":["GET"]}}],"collection":[{"href":"https:\/\/eurocaution.eu\/en\/wp-json\/wp\/v2\/pages"}],"about":[{"href":"https:\/\/eurocaution.eu\/en\/wp-json\/wp\/v2\/types\/page"}],"author":[{"embeddable":true,"href":"https:\/\/eurocaution.eu\/en\/wp-json\/wp\/v2\/users\/2"}],"replies":[{"embeddable":true,"href":"https:\/\/eurocaution.eu\/en\/wp-json\/wp\/v2\/comments?post=1054"}],"version-history":[{"count":7,"href":"https:\/\/eurocaution.eu\/en\/wp-json\/wp\/v2\/pages\/1054\/revisions"}],"predecessor-version":[{"id":3081,"href":"https:\/\/eurocaution.eu\/en\/wp-json\/wp\/v2\/pages\/1054\/revisions\/3081"}],"wp:attachment":[{"href":"https:\/\/eurocaution.eu\/en\/wp-json\/wp\/v2\/media?parent=1054"}],"curies":[{"name":"wp","href":"https:\/\/api.w.org\/{rel}","templated":true}]}}