{"id":464,"date":"2020-11-12T11:07:46","date_gmt":"2020-11-12T10:07:46","guid":{"rendered":"https:\/\/eurocaution.mikado.digital\/?page_id=464"},"modified":"2021-01-11T15:04:43","modified_gmt":"2021-01-11T14:04:43","slug":"conditions-generales-de-courtage","status":"publish","type":"page","link":"https:\/\/eurocaution.eu\/de\/conditions-generales-de-courtage\/","title":{"rendered":"Allgemeine Vermittlungsbedingungen"},"content":{"rendered":"<p class=\"p1\"><span class=\"s1\">Der Maklervertrag zwischen Ihnen (\u201e<b>Kunde<\/b>\u201c) und Ihrem Makler bzw. Ihrer Maklergesellschaft, der bzw. die in dem Informationsdokument, zu dem diese allgemeinen Bedingungen einen Anhang bilden, genauer angegeben ist (\u201e<b>Makler<\/b>\u201c), unterliegt diesen allgemeinen Bedingungen, den zwischen den Parteien ausdr\u00fccklich vereinbarten Sonderbedingungen sowie den im Gro\u00dfherzogtum Luxemburg geltenden Gesetzen und Vorschriften sowie den allgemein geltenden und befolgten Praktiken auf dem Gebiet der Versicherungsvermittlung in Luxemburg, unbeschadet etwaiger zwingender Bestimmungen des Landes, in dem der Kunde seinen Wohn-\/Gesch\u00e4ftssitz hat. <\/span><\/p>\n<h2 class=\"p1\"><strong><span class=\"s1\">Pr\u00e4ambel: Informationen f\u00fcr jeden Abschluss eines neuen Versicherungsvertrags<\/span><\/strong><\/h2>\n<p class=\"p1\"><span class=\"s1\">Alle Ihre Fragen m\u00fcssen von Ihrem Makler und der Versicherungsgesellschaft, bei der Sie eine Versicherung abschlie\u00dfen m\u00f6chten (\u201e<b>Versicherer<\/b>\u201c), vor Unterzeichnung des Versicherungsantrags beantwortet werden.<\/span><\/p>\n<h2 class=\"p1\"><span class=\"s1\"><b>Der eigentliche Versicherungsvertrag<\/b><\/span><\/h2>\n<p class=\"p1\"><span class=\"s1\">Der von dem Versicherer ausgestellte Versicherungsvertrag ist ein Satz aus Dokumenten, der unter anderem und je nach Versicherungsgesellschaft aus einem Vorabinformationsdokument, einem Versicherungsantrag sowie allgemeinen und besonderen Versicherungsbedingungen besteht.<\/span><\/p>\n<p class=\"p1\"><span class=\"s1\">Lesen Sie die Erl\u00e4uterungen zur Funktionsweise des Vertrags aufmerksam, wenn Sie Angebote der verschiedenen Versicherungsgesellschaften erhalten. Diese Erl\u00e4uterungen finden Sie in den allgemeinen Bedingungen des angebotenen Vertrags. Bitten Sie Ihren Makler gegebenenfalls um Erl\u00e4uterungen.<\/span><\/p>\n<p class=\"p2\"><span class=\"s1\">Die Art der Versicherungsvertr\u00e4ge kann von dem Land Ihres Wohn-\/Gesch\u00e4ftssitzes abh\u00e4ngen. Der Vertrag kann verschiedene erg\u00e4nzende oder optionale Deckungen vorsehen. Wir empfehlen Ihnen, sich diese Deckungen erkl\u00e4ren zu lassen, bevor Sie einen Versicherungsantrag unterzeichnen. <\/span><\/p>\n<h2 class=\"p1\"><strong><span class=\"s1\">Zweck des Maklervertrags<\/span><\/strong><\/h2>\n<p class=\"p1\"><span class=\"s1\">Mit dem Abschluss des Maklervertrages erm\u00e4chtigen Sie den Makler, zun\u00e4chst von verschiedenen Versicherungsgesellschaften personalisierte Angebote f\u00fcr Sie einzuholen und Sie anschlie\u00dfend bei der Versicherungsgesellschaft Ihrer Wahl im Zusammenhang mit den Leistungen, die Gegenstand dieses Vertrages sind, zu vertreten.<\/span><\/p>\n<p class=\"p2\"><span class=\"s1\">Je nach Ihren Anweisungen kann der Makler Kopien (oder Originale) aller Mitteilungen oder Informationen von dem Versicherer in Bezug auf Ihren Vertrag erhalten (oder auch nicht), um sie Ihnen zu \u00fcbergeben oder uns zu erlauben, Sie zu begleiten und zu unterst\u00fctzen.<\/span><\/p>\n<h3><b><\/b><span class=\"s2\">1. Vertriebsdienstleistungen f\u00fcr Versicherungen<\/span><\/h3>\n<p class=\"p1\"><span class=\"s1\">Der Makler leistet Versicherungsberatung, f\u00fchrt Arbeiten zur Vorbereitung der Unterzeichnung oder des Abschlusses von Versicherungsvertr\u00e4gen durch oder hilft bei deren Verwaltung und Ausf\u00fchrung. Er verpflichtet sich, stets ehrlich, unparteiisch und professionell im besten Interesse des Kunden zu handeln. Er h\u00e4lt die Verhaltensregeln f\u00fcr den Versicherungsvertrieb ein, wie sie sich aus dem luxemburgischen Gesetz vom 7. Dezember 2015 \u00fcber den Versicherungssektor, den zur Umsetzung dieses Gesetzes erlassenen Vorschriften und den von den Beh\u00f6rden der Europ\u00e4ischen Union zur Umsetzung der Richtlinien \u00fcber den Versicherungsvertrieb erlassenen Vorschriften ergeben, unbeschadet der zwingenden ausl\u00e4ndischen Rechtsvorschriften, die dem Makler bei der Aus\u00fcbung seiner T\u00e4tigkeit au\u00dferhalb des Gro\u00dfherzogtums Luxemburg auferlegt werden k\u00f6nnen.<\/span><\/p>\n<p class=\"p1\"><span class=\"s1\">Der Makler kann Vermittlungsdienstleistungen f\u00fcr Versicherungen anbieten, wie zum Beispiel:<\/span><\/p>\n<ul class=\"ul1\">\n<li class=\"li1\"><span class=\"s2\">personalisierte Angebote f\u00fcr den Kunden bei Versicherungsgesellschaften einholen,<\/span><\/li>\n<li class=\"li1\"><span class=\"s2\">Informationsanfragen an Versicherungsgesellschaften richten,<\/span><\/li>\n<li class=\"li1\"><span class=\"s2\">Versicherungsvertr\u00e4ge im Namen des Kunden abschlie\u00dfen,<\/span><\/li>\n<li class=\"li1\"><span class=\"s2\">den Kunden im Allgemeinen bei Versicherungsgesellschaften vertreten.<\/span><\/li>\n<\/ul>\n<h3><span class=\"s2\">2. Aufnahme der Beziehung<\/span><\/h3>\n<p class=\"p1\"><span class=\"s1\">Dem Makler steht es frei, jede Aufnahme einer Gesch\u00e4ftsbeziehung anzunehmen oder abzulehnen. Es wird keine Gesch\u00e4ftsbeziehung im Namen eines Kunden eingegangen, bevor der Kunde nicht alle Unterlagen zur Zufriedenheit des Maklers ausgef\u00fcllt und alle vom Makler verlangten Nachweise und Informationen zur Verf\u00fcgung gestellt hat.<\/span><\/p>\n<h5><strong>2.1. <\/strong><span class=\"s2\">Zu Beginn der Beziehung teilt der Kunde dem Makler die genauen Angaben zu seiner Identifizierung (Name \/ Bezeichnung, Wohnsitz \/ Sitz, Staatsangeh\u00f6rigkeit, Familienstand, Beruf usw.) mit und stellt die vom Makler angeforderten Belege (insbesondere eine Kopie des Personalausweises) zur Verf\u00fcgung, damit er seinen gesetzlichen Verpflichtungen nachkommen kann. Jede \u00c4nderung der Daten muss dem Makler unverz\u00fcglich schriftlich mitgeteilt werden.<\/span><\/h5>\n<h5><span class=\"s2\"><strong>2.2. <\/strong><\/span><span class=\"s2\">Juristische Personen m\u00fcssen ferner eine originalgetreue Kopie ihrer aktuellen Satzung, einen aktuellen Auszug aus dem Handelsregister (oder ein vergleichbares Dokument), die Identifizierung der wirtschaftlich Berechtigten, die Liste der Personen, die befugt sind, Verpflichtungen f\u00fcr sie einzugehen und sie gegen\u00fcber Dritten zu vertreten, alle Belege f\u00fcr die Erm\u00e4chtigung zum Abschluss eines Versicherungsvertrags im Namen der juristischen Person und gegebenenfalls eine originalgetreue Kopie des mit einem ordnungsgem\u00e4\u00df bevollm\u00e4chtigten Domizilierungsagenten abgeschlossenen Domizilierungsvertrags vorlegen. Sie legen auch eine Kopie des g\u00fcltigen Ausweises des Vertreters bzw. Gesch\u00e4ftsf\u00fchrers und des\/der wirtschaftlich Berechtigten der juristischen Person vor.<\/span><\/h5>\n<h5><strong>2.3. <\/strong><span class=\"s2\">Die Unterschriftenmuster der Organe, Bevollm\u00e4chtigten und Vertreter, die Verpflichtungen f\u00fcr den Makler eingehen und ihn vertreten k\u00f6nnen, k\u00f6nnen vom Kunden auf Anfrage eingesehen werden. Nur Schriftst\u00fccke, die diese Unterschriften tragen, sind f\u00fcr den Makler verbindlich.<\/span><\/h5>\n<h3><b><\/b><span class=\"s2\">3. <\/span><b><\/b><span class=\"s2\"><b>Vom Kunden bereitgestellte Informationen\u00a0\u2013 Beratung und Angebote\u00a0\u2013 Wahl des Kunden <\/b><\/span><\/h3>\n<h5><strong>3.1. <\/strong><span class=\"s2\">Der Makler bittet den Kunden um Informationen \u00fcber seine Anforderungen und Bed\u00fcrfnisse in Bezug auf den von ihm gew\u00fcnschten Versicherungsschutz. <\/span><\/h5>\n<h5><strong>3.2. <\/strong><span class=\"s2\">Der Makler macht hiermit den Kunden aufmerksam auf den f\u00fcr den Kunden potentiell sch\u00e4dlichen Charakter von Daten (im Sinne von <\/span><span class=\"s3\">Punkt 2.1 und 2.2<\/span><span class=\"s2\">) oder Informationen (im Sinne von <\/span><span class=\"s3\">Punkt 3.1<\/span><span class=\"s2\">), die falsch oder nicht aktuell sind. Jede \u00c4nderung dieser Daten oder Informationen muss dem Makler unverz\u00fcglich schriftlich mitgeteilt werden.<\/span><\/h5>\n<h5><strong>3.3. <\/strong><span class=\"s2\">Der Makler ist berechtigt, sich auf die vom Kunden zur Verf\u00fcgung gestellten Daten und Informationen zu verlassen. Er \u00fcbernimmt keine Verantwortung f\u00fcr die \u00dcberpr\u00fcfung der Richtigkeit oder Vollst\u00e4ndigkeit dieser Daten und Informationen. Der Kunde haftet unter Ausschluss des Maklers allein f\u00fcr Sch\u00e4den, die durch die Angabe falscher, ungenauer, veralteter oder unvollst\u00e4ndiger Daten oder Informationen entstehen, es sei denn, der Makler wusste oder h\u00e4tte wissen m\u00fcssen, dass diese Daten oder Informationen offensichtlich falsch, ungenau oder unvollst\u00e4ndig sind. <\/span><\/h5>\n<h5><strong>3.4. <\/strong><span class=\"s2\">Auf der Grundlage der erhaltenen Daten und Informationen wendet sich der Makler an eine oder mehrere Versicherungsgesellschaften, um personalisierte Angebote einzuholen. <\/span><\/h5>\n<h5><strong>3.5. <\/strong><span class=\"s2\">F\u00fcr Kunden mit Wohnsitz\/Niederlassung in Luxemburg: Der Makler ber\u00e4t den Kunden immer auf der Grundlage einer unparteiischen und personalisierten Analyse, es sei denn, der Kunde verzichtet ausdr\u00fccklich darauf. <\/span><\/h5>\n<h5><strong>3.6. <\/strong><span class=\"s2\">F\u00fcr Kunden mit Wohn- bzw. Gesch\u00e4ftssitz in einem anderen Land: Der Makler leistet Beratung oder leistet keine Beratung je nach geltendem Recht und informiert den Kunden entsprechend.<\/span><\/h5>\n<h5><strong>3.7. <\/strong><span class=\"s2\">Der Makler stellt dem Kunden die eingeholten personalisierten Angebote (unter Einhaltung der geltenden, f\u00fcr jede Versicherungsgesellschaft spezifischen, Fristen), die standardisierten Informationsunterlagen zu den betreffenden Versicherungsprodukten sowie gegebenenfalls seine Empfehlungen so bald wie m\u00f6glich nach Erhalt der Angebote der Versicherungsgesellschaften zur Verf\u00fcgung.<\/span><\/h5>\n<h5><strong>3.8. <\/strong><span class=\"s2\">Die endg\u00fcltige Beurteilung der Beratung und der Angebote sowie die Wahl des Versicherungsprodukts und der Versicherungsgesellschaft obliegt dem Kunden. Entscheidet sich der Kunde, dem Rat des Maklers nicht zu folgen, muss der Kunde ausdr\u00fccklich auf diesen Rat verzichten. <\/span><\/h5>\n<h5><strong>3.9. <\/strong><span class=\"s2\">Der Makler unterst\u00fctzt den Kunden beim Ausf\u00fcllen des Versicherungsantrags f\u00fcr das vom Kunden gew\u00e4hlte Versicherungsprodukt und \u00fcbermittelt ihn unverz\u00fcglich an die Versicherungsgesellschaft.<\/span><\/h5>\n<h3>4. <b><\/b><span class=\"s2\"><b>Kommunikation zwischen dem Kunden und dem Makler<\/b><\/span><\/h3>\n<h5><strong>4.1. <\/strong><span class=\"s2\">Ab dem Zeitpunkt, an dem der Kunde seine E-Mail-Adresse mitgeteilt hat, kommuniziert der Makler mit ihm haupts\u00e4chlich auf diesem elektronischen Weg, es sei denn, der Kunde hat sich ausdr\u00fccklich f\u00fcr die Zusendung von Papierdokumenten entschieden.<\/span><\/h5>\n<h5><strong>4.2. <\/strong><span class=\"s2\">Alle Mitteilungen des Maklers an den Kunden erfolgen an die letzte bekannte Adresse (auf dem Postweg oder elektronisch). Der Nachweis der Zusendung wird durch die Vorlage einer Kopie der Korrespondenz oder E-Mail mit ordnungsgem\u00e4\u00dfem Datum rechtsg\u00fcltig erbracht. Bei Sendungen auf dem Postweg wird davon ausgegangen, dass sie den Empf\u00e4nger innerhalb von 3 Arbeitstagen nach Absendung erreicht haben. Ein Fax oder eine E-Mail gilt am Tag und zur Uhrzeit der Absendung als dem Empf\u00e4nger zugegangen. Hat ein Kunde eine erwartete Mitteilung nicht innerhalb der normalen Fristen erhalten, muss er den Makler so schnell wie m\u00f6glich dar\u00fcber informieren.<\/span><\/h5>\n<h5><strong>4.3. <\/strong><span class=\"s2\">Wenn die Korrespondenz an den Makler zur\u00fcckgeschickt wird oder der Makler eine Mitteilung \u00fcber die Nichtzustellung erh\u00e4lt, versucht der Makler, den Kunden auf anderem Weg (z.B. telefonisch) zu kontaktieren. Bleibt auch dieser Versuch erfolglos, h\u00e4lt der Makler alle f\u00fcr den Kunden bestimmten Mitteilungen auf Risiko des Kunden zur\u00fcck, bis der Kunde den Kontakt mit dem Makler wieder aufnimmt oder eine neue Adresse angibt.<\/span><\/h5>\n<h5><strong>4.4. <\/strong><span class=\"s2\">Der Makler macht hiermit den Kunden darauf aufmerksam, dass die Zustellung, die Authentizit\u00e4t und die Vertraulichkeit des Inhalts von Nachrichten, die auf elektronischem Weg ausgetauscht werden, nie vollst\u00e4ndig gew\u00e4hrleistet sind. Der Makler und der Kunde verpflichten sich, sich nach besten Kr\u00e4ften zu bem\u00fchen, jeden Missbrauch, Betrug oder \u00dcbergriff zu vermeiden. Soweit diese Verpflichtung eingehalten wird, haftet der Makler nicht f\u00fcr sch\u00e4dliche Folgen, die sich insbesondere aus Fehlern, Verz\u00f6gerungen oder fehlendem Empfang, Verdopplungen oder anderweitig im Zusammenhang mit der Verwendung elektronischer Kommunikationsmittel ergeben k\u00f6nnen.<\/span><\/h5>\n<h5><strong>4.5. <\/strong><span class=\"s2\">Jede Kommunikation von dem Kunden mit dem Makler muss schriftlich erfolgen. Die Beweislast f\u00fcr die Existenz, den Inhalt und die Kommunikation liegt beim Kunden.<\/span><\/h5>\n<h3><b><\/b><span class=\"s2\">5. <\/span><b><\/b><span class=\"s2\"><b>Berufsgeheimnis<\/b><\/span><\/h3>\n<h5><span class=\"s2\"><strong>5.1. <\/strong><\/span><span class=\"s2\">Der Makler ist an das Berufsgeheimnis gebunden, das nach Artikel 300 des luxemburgischen Gesetzes vom 7. Dezember 2015 \u00fcber den Versicherungssektor organisiert und angewandt wird. Daher ist der Makler verpflichtet, die ihm im Rahmen seiner gewerblichen T\u00e4tigkeit vom Kunden anvertrauten Informationen geheim zu halten. <\/span><\/h5>\n<h5><strong>5.2. <\/strong><span class=\"s2\">Die Geheimhaltungspflicht besteht jedoch nicht in Bezug auf Versicherungsgesellschaften, Bankinstitute, Fachleute im Versicherungssektor (\u201eprofessionnels du secteur de l\u2019assurance (PSA)&#8221;) oder Fachleute im Finanzsektor (\u201eprofessionnels du secteur financier (PSF)&#8221;), wenn der Makler die Informationen im Rahmen eines Dienstleistungsvertrags \u00fcbermittelt.<\/span><\/h5>\n<h5><strong>5.3. <\/strong><span class=\"s2\">Dar\u00fcber hinaus stimmt der Kunde ausdr\u00fccklich der Aufhebung des Berufsgeheimnisses des Maklers zu, um die Weitergabe von Informationen an Dritte, die sich m\u00f6glicherweise in anderen L\u00e4ndern als dem Gro\u00dfherzogtum Luxemburg befinden, zu erm\u00f6glichen, wenn diese Weitergabe notwendig oder zweckm\u00e4\u00dfig ist, um Beratung zu leisten, Arbeiten zur Vorbereitung der Unterzeichnung oder des Abschlusses von Versicherungsvertr\u00e4gen durchzuf\u00fchren oder bei deren Verwaltung und Ausf\u00fchrung mitzuwirken. Im Fall von pers\u00f6nlichen Daten, die eine nat\u00fcrliche Person betreffen, erfolgt diese Kommunikation im Einklang mit der Datenschutzerkl\u00e4rung.<\/span><\/h5>\n<h5><strong>5.4. <\/strong><span class=\"s2\">Die Verpflichtung der Versicherungsgesellschaft zum Berufsgeheimnis besteht gegen\u00fcber dem Makler nicht in Bezug auf Informationen, die sich auf Vertr\u00e4ge beziehen, f\u00fcr die der Makler als Vermittler t\u00e4tig war. <\/span><\/h5>\n<h5><strong>5.5. <\/strong><span class=\"s2\">Der Kunde kann jedoch jederzeit der Weitergabe von Informationen \u00fcber seinen Vertrag bzw. seine Vertr\u00e4ge an den Makler widersprechen. Der Makler macht hiermit den Kunden dann darauf aufmerksam, dass er in einem solchen Fall nicht mehr in der Lage ist, seine Aufgabe angemessen auszu\u00fcben, den Kunden zu beraten und im besten Interesse des Kunden zu handeln. Ein solcher Widerspruch erfolgt daher auf Risiko des Kunden.<\/span><\/h5>\n<h3><b><\/b><span class=\"s2\">6. <\/span><b><\/b><span class=\"s2\"><b>\u00dcberarbeitung dieser Allgemeinen Bedingungen <\/b><\/span><\/h3>\n<h5><span class=\"s2\"><strong>6.1. <\/strong><\/span><span class=\"s2\">Der Makler kann diese allgemeinen Vermittlungsbedingungen sowie andere Klauseln des Maklervertrags jederzeit \u00e4ndern, um insbesondere \u00c4nderungen von Gesetzen oder Vorschriften, der Marktpraktiken, der Marktbedingungen oder der Richtlinien des Maklers Rechnung zu tragen. Der Kunde wird \u00fcber eine solche Revision \u00fcber die in <\/span><span class=\"s3\">Artikel 4<\/span><span class=\"s2\"> vorgesehenen Kommunikationswege informiert.<\/span><\/h5>\n<h5><span class=\"s2\"><strong>6.2. <\/strong><\/span><span class=\"s2\">\u00c4nderungen gelten als genehmigt, wenn der Kunde nicht innerhalb von drei\u00dfig Tagen ab dem Datum, an dem die Informationen dem Kunden mitgeteilt oder zur Verf\u00fcgung gestellt wurden, schriftlich widerspricht, oder fr\u00fcher, wenn der Kunde den Makler um eine Vertriebsdienstleistung bittet; in diesem Fall gilt diese Bitte als f\u00f6rmliche Annahme der neuen Bedingungen.<\/span><\/h5>\n<h5><strong>6.3. <\/strong><span class=\"s2\">\u00c4nderungen, die den Parteien infolge einer \u00c4nderung von Gesetzen oder Vorschriften auferlegt werden, gelten ohne vorherige Ank\u00fcndigung ab dem Datum des Inkrafttretens dieser Bestimmungen.<\/span><\/h5>\n<h5><strong>6.4. <\/strong><span class=\"s2\">Die Rechtswidrigkeit oder die teilweise oder vollst\u00e4ndige Unanwendbarkeit einer oder mehrerer Klauseln des Maklervertrages ber\u00fchrt nicht die Anwendbarkeit der \u00fcbrigen vereinbarten Bedingungen.<\/span><\/h5>\n<h3><b><\/b><span class=\"s2\">7. <\/span><b><\/b><span class=\"s2\"><b>Haftung und Schadenersatz<\/b><\/span><\/h3>\n<h5><strong>7.1. <\/strong><span class=\"s2\">Im Rahmen seiner Gesch\u00e4ftsbeziehung mit dem Kunden haftet der Makler bei jeder Handlung oder Unterlassung<\/span><span class=\"s3\"> nur f\u00fcr seine grobe Fahrl\u00e4ssigkeit oder sein vors\u00e4tzliches Fehlverhalten, ausgenommen bei Personensch\u00e4den<\/span><span class=\"s2\">.<\/span><\/h5>\n<h5><strong>7.2. <\/strong><span class=\"s2\">Sofern im Maklervertrag nicht ausdr\u00fccklich etwas anderes angegeben ist, sind die Verpflichtungen des Maklers Handlungspflichten. Insbesondere in Bezug auf die vom Makler erteilte Beratung handelt der Makler auf der Grundlage der vom Kunden zur Verf\u00fcgung gestellten Daten und Informationen und des Kenntnisstands zum Zeitpunkt der Beratung nach bestem Wissen und Gewissen. Der Makler kann nicht haftbar gemacht werden, wenn sich die Beratung im Nachhinein aufgrund von Elementen, Umst\u00e4nden oder Ereignissen, die dem Makler nicht bekannt oder f\u00fcr ihn billigerweise nicht vorhersehbar waren, als unangemessen oder fehlerhaft erweist.<\/span><\/h5>\n<h5><strong>7.3. <\/strong><span class=\"s2\">Wenn der Kunde dem Rat des Maklers nicht folgt und ein anderes als das vom Makler empfohlene Versicherungsprodukt (oder eines der vom Makler empfohlenen) abschlie\u00dft, stellt der Kunde den Makler ausdr\u00fccklich von allen allgemein nachteiligen Folgen frei, die sich f\u00fcr den Kunden aus dieser Wahl ergeben k\u00f6nnen.<\/span><\/h5>\n<h5><strong>7.4. <\/strong><span class=\"s2\">Der Makler hat bei <\/span><span class=\"s3\">CGPA <\/span><span class=\"s2\">, Policennummer <\/span><span class=\"s3\">[<i>Nummer<\/i>]<\/span><span class=\"s2\"> eine Versicherung f\u00fcr seine Berufshaftpflicht abgeschlossen.<\/span><\/h5>\n<h5><strong>7.5. <\/strong><span class=\"s2\">Der Kunde verpflichtet sich, den Makler f\u00fcr alle Sch\u00e4den und Verluste (einschlie\u00dflich Rechts- und Anwaltskosten, soweit nach geltendem Recht zul\u00e4ssig) zu entsch\u00e4digen, die dem Makler infolge der Nichteinhaltung dieser allgemeinen Vermittlungsbedingungen durch den Kunden entstehen.<\/span><\/h5>\n<h3>8. <b><\/b><span class=\"s2\"><b>Laufzeit und Aufl\u00f6sung<\/b><\/span><\/h3>\n<h5><strong>8.1. <\/strong><span class=\"s2\">Sofern nicht ausdr\u00fccklich anders vereinbart, wird der Maklervertrag auf unbestimmte Zeit abgeschlossen und kann zu den in diesen allgemeinen Vermittlungsbedingungen festgelegten Bedingungen gek\u00fcndigt werden.<\/span><\/h5>\n<h5><strong>8.2. <\/strong><span class=\"s2\">Der Maklervertrag kann von jeder Partei jederzeit durch Einschreiben mit R\u00fcckschein an die andere Partei gek\u00fcndigt werden. Die K\u00fcndigung wird wirksam an dem Werktag, der auf den Eingang des Schreibens folgt. Auch nach Beendigung des Maklervertrages gelten diese allgemeinen Vermittlungsbedingungen f\u00fcr die Beendigung laufender Beziehungen weiter.<\/span><\/h5>\n<h5><strong>8.3. <\/strong><span class=\"s2\">Im Fall der Beendigung des Maklervertrags informiert der Makler dar\u00fcber die Versicherungsgesellschaft(en), mit der\/denen der Kunde \u00fcber den Makler einen Versicherungsvertrag (Versicherungsvertr\u00e4ge) abgeschlossen hat. Sp\u00e4testens ab dem Datum der K\u00fcndigung muss sich der Kunde direkt an die betreffende(n) Versicherungsgesellschaft(en) wenden oder einen anderen Versicherungsvermittler w\u00e4hlen.<\/span><\/h5>\n<h5><strong>8.4. <\/strong><span class=\"s2\">Die Tatsache, dass der Kunde f\u00fcr einen Versicherungsvertrag oder mehrere Versicherungsvertr\u00e4ge, der\/die \u00fcber den Makler abgeschlossen wurde(n), einen anderen Versicherungsvermittler w\u00e4hlt, hat nicht die Beendigung des Maklervertrags zur Folge. Diese Wahl des Kunden beendet die Verpflichtungen der Parteien aus dem Maklervertrag nur insoweit, als sie sich auf den\/die betreffenden Vertrag (Vertr\u00e4ge) beziehen. Der Maklervertrag endet jedoch automatisch an dem Zeitpunkt, an dem der Kunde einen anderen Vertriebspartner f\u00fcr den letzten Versicherungsvertrag w\u00e4hlt, f\u00fcr den der Makler noch als Vermittler t\u00e4tig war. <\/span><\/h5>\n<h5><strong>8.5. <\/strong><span class=\"s2\">Der Kunde nimmt zur Kenntnis, dass die K\u00fcndigung eines Vertrags mit einer Versicherungsgesellschaft nicht automatisch die K\u00fcndigung des Maklervertrags zur Folge hat.<\/span><\/h5>\n<h3>9. <b><\/b><span class=\"s2\"><b>Rechtswahl und Gerichtsstand<\/b><\/span><\/h3>\n<h5><strong>9.1. <\/strong><span class=\"s2\">Der Maklervertrag unterliegt luxemburgischem Recht. <\/span><\/h5>\n<h5><strong>9.2. <\/strong><span class=\"s2\">Im Fall von Streitigkeiten zwischen den Parteien bem\u00fchen sich die Parteien, diese Streitigkeiten g\u00fctlich beizulegen, erforderlichenfalls durch Einschaltung der zust\u00e4ndigen Stelle(n) f\u00fcr Beschwerdemanagement. Andernfalls wird der Streitfall von der erstbetreibenden Partei den Gerichten von <\/span><span class=\"s3\">Luxemburg-Stadt<\/span><span class=\"s2\"> vorgelegt. Der Makler kann nach seinem Ermessen auch vor den Gerichten des Wohnortes bzw. der Niederlassung des Kunden Klage gegen den Kunden erheben. <\/span><\/h5>\n<h5><strong>9.3. <\/strong><span class=\"s2\">Ist der Kunde ein Verbraucher, kann der Kunde nach seiner Wahl vor den Gerichten seines Wohnsitzes oder vor den Gerichten von <\/span><span class=\"s3\">Luxemburg-Stadt<\/span><span class=\"s2\"> Klage gegen den Makler erheben, dagegen muss der Makler Klage gegen den Kunden vor den Gerichten des Wohnsitzes des Kunden erheben. <\/span><\/h5>\n<p>&nbsp;<\/p>\n<p class=\"p1\"><span class=\"s1\">Datum der letzten Aktualisierung: <\/span><span class=\"s2\">[<i>Datum<\/i>]<\/span><span class=\"s1\">.<\/span><\/p>\n","protected":false},"excerpt":{"rendered":"<p>Der Maklervertrag zwischen Ihnen (\u201eKunde\u201c) und Ihrem Makler bzw. Ihrer Maklergesellschaft, der bzw. die in dem Informationsdokument, zu dem diese allgemeinen Bedingungen einen Anhang bilden, genauer angegeben ist (\u201eMakler\u201c), unterliegt diesen allgemeinen Bedingungen, den zwischen den Parteien ausdr\u00fccklich vereinbarten Sonderbedingungen sowie den im Gro\u00dfherzogtum Luxemburg geltenden Gesetzen und Vorschriften sowie den allgemein geltenden und befolgten [&hellip;]<\/p>\n","protected":false},"author":2,"featured_media":417,"parent":0,"menu_order":9,"comment_status":"closed","ping_status":"closed","template":"template_CGV.php","meta":{"_acf_changed":false,"footnotes":""},"class_list":["post-464","page","type-page","status-publish","has-post-thumbnail","hentry"],"acf":[],"_links":{"self":[{"href":"https:\/\/eurocaution.eu\/de\/wp-json\/wp\/v2\/pages\/464","targetHints":{"allow":["GET"]}}],"collection":[{"href":"https:\/\/eurocaution.eu\/de\/wp-json\/wp\/v2\/pages"}],"about":[{"href":"https:\/\/eurocaution.eu\/de\/wp-json\/wp\/v2\/types\/page"}],"author":[{"embeddable":true,"href":"https:\/\/eurocaution.eu\/de\/wp-json\/wp\/v2\/users\/2"}],"replies":[{"embeddable":true,"href":"https:\/\/eurocaution.eu\/de\/wp-json\/wp\/v2\/comments?post=464"}],"version-history":[{"count":4,"href":"https:\/\/eurocaution.eu\/de\/wp-json\/wp\/v2\/pages\/464\/revisions"}],"predecessor-version":[{"id":747,"href":"https:\/\/eurocaution.eu\/de\/wp-json\/wp\/v2\/pages\/464\/revisions\/747"}],"wp:featuredmedia":[{"embeddable":true,"href":"https:\/\/eurocaution.eu\/de\/wp-json\/wp\/v2\/media\/417"}],"wp:attachment":[{"href":"https:\/\/eurocaution.eu\/de\/wp-json\/wp\/v2\/media?parent=464"}],"curies":[{"name":"wp","href":"https:\/\/api.w.org\/{rel}","templated":true}]}}