{"id":455,"date":"2020-11-12T10:04:50","date_gmt":"2020-11-12T09:04:50","guid":{"rendered":"https:\/\/eurocaution.mikado.digital\/?page_id=455"},"modified":"2020-12-08T17:17:15","modified_gmt":"2020-12-08T16:17:15","slug":"reclamation","status":"publish","type":"page","link":"https:\/\/eurocaution.eu\/de\/reclamation\/","title":{"rendered":"Beanstandung"},"content":{"rendered":"<h3 class=\"p1\"><span class=\"s1\">Sind Sie unzufrieden mit der Antwort unseres Kundendienstes?<\/span><\/h3>\n<p class=\"p1\"><strong>Dann wenden Sie sich bitte an die Reklamationsabteilung von EuroCaution per E-Mail an\u00a0<\/strong><br \/>\n<a href=\"info@eurocaution-benelux.com\">info@eurocaution-benelux.com<\/a><\/p>\n<p><strong>Oder auf dem Postweg an folgende Anschrift: <\/strong><br \/>\nEuroCaution Benelux SA<br \/>\nZu H\u00e4nden der Generaldirektion<br \/>\n7,rue des M\u00e9rovingiens<br \/>\nL-8070 Bertrange<\/p>\n<h3 class=\"p1\"><span class=\"s1\">F\u00fcr eine eindeutige Feststellung Ihres Anliegens und eine schnelle Bearbeitung machen Sie bitte die folgenden Angaben:<\/span><\/h3>\n<div class=\"bg\">\n<p class=\"p1\"><span class=\"s1\">Nachname, Vorname, Anschrift<\/span><\/p>\n<p class=\"p1\"><span class=\"s1\">Telefonnummer<\/span><\/p>\n<p class=\"p1\"><span class=\"s1\">Kunden-Nr. oder Vertrags-Nr.<\/span><\/p>\n<p class=\"p1\"><span class=\"s1\">Schadensnummer (wenn es um die Abwicklung eines Schadens geht)<\/span><\/p>\n<p class=\"p1\"><span class=\"s1\">Art der Beanstandung<\/span><\/p>\n<p class=\"p1\"><span class=\"s1\">Sie Kunde von EuroCaution sind oder nicht<\/span><\/p>\n<\/div>\n<h3 class=\"p1\"><span class=\"s1\">Wie bearbeiten wir Ihre Beanstandung?<\/span><\/h3>\n<p class=\"p1\"><span class=\"s1\">Wir best\u00e4tigen den Eingang jeder schriftlich eingegangen Beanstandung mit einer sch\u00e4tzungsweisen Reaktionszeit von mehr als 3 Tagen.\u00a0<\/span><\/p>\n<p class=\"p1\"><span class=\"s1\">Ihre Beanstandung wird von der f\u00fcr die Bearbeitung zust\u00e4ndigen Person gepr\u00fcft, die sich bem\u00fchen wird, innerhalb eines Monats zu antworten.<\/span><\/p>\n<p class=\"p1\"><span class=\"s1\">Wir teilen Ihnen die Ergebnisse unserer Untersuchungen sowie unsere Schlussfolgerungen und Vorschl\u00e4ge schriftlich mit.<\/span><\/p>\n","protected":false},"excerpt":{"rendered":"<p>Sind Sie unzufrieden mit der Antwort unseres Kundendienstes? Dann wenden Sie sich bitte an die Reklamationsabteilung von EuroCaution per E-Mail an\u00a0 info@eurocaution-benelux.com Oder auf dem Postweg an folgende Anschrift: EuroCaution Benelux SA Zu H\u00e4nden der Generaldirektion 7,rue des M\u00e9rovingiens L-8070 Bertrange F\u00fcr eine eindeutige Feststellung Ihres Anliegens und eine schnelle Bearbeitung machen Sie bitte die [&hellip;]<\/p>\n","protected":false},"author":2,"featured_media":0,"parent":0,"menu_order":10,"comment_status":"closed","ping_status":"closed","template":"template_reclamation.php","meta":{"_acf_changed":false,"footnotes":""},"class_list":["post-455","page","type-page","status-publish","hentry"],"acf":[],"_links":{"self":[{"href":"https:\/\/eurocaution.eu\/de\/wp-json\/wp\/v2\/pages\/455","targetHints":{"allow":["GET"]}}],"collection":[{"href":"https:\/\/eurocaution.eu\/de\/wp-json\/wp\/v2\/pages"}],"about":[{"href":"https:\/\/eurocaution.eu\/de\/wp-json\/wp\/v2\/types\/page"}],"author":[{"embeddable":true,"href":"https:\/\/eurocaution.eu\/de\/wp-json\/wp\/v2\/users\/2"}],"replies":[{"embeddable":true,"href":"https:\/\/eurocaution.eu\/de\/wp-json\/wp\/v2\/comments?post=455"}],"version-history":[{"count":1,"href":"https:\/\/eurocaution.eu\/de\/wp-json\/wp\/v2\/pages\/455\/revisions"}],"predecessor-version":[{"id":680,"href":"https:\/\/eurocaution.eu\/de\/wp-json\/wp\/v2\/pages\/455\/revisions\/680"}],"wp:attachment":[{"href":"https:\/\/eurocaution.eu\/de\/wp-json\/wp\/v2\/media?parent=455"}],"curies":[{"name":"wp","href":"https:\/\/api.w.org\/{rel}","templated":true}]}}