{"id":144,"date":"2020-10-09T16:04:13","date_gmt":"2020-10-09T14:04:13","guid":{"rendered":"https:\/\/eurocaution.mikado.digital\/?page_id=144"},"modified":"2021-01-11T15:03:15","modified_gmt":"2021-01-11T14:03:15","slug":"protection-des-donnees","status":"publish","type":"page","link":"https:\/\/eurocaution.eu\/de\/protection-des-donnees\/","title":{"rendered":"Datenschutz"},"content":{"rendered":"<p class=\"p1\"><strong><span class=\"s1\">Wir legen allergr\u00f6\u00dften Wert auf die Sicherheit Ihrer pers\u00f6nlichen Informationen<\/span><\/strong><\/p>\n<p class=\"p1\"><span class=\"s1\">In dieser Datenschutzrichtlinie wird erl\u00e4utert, welche Daten wir \u00fcber Sie erheben und wie wir diese Daten verwenden, sowie welche Rechte Sie haben und wie Sie diese Rechte aus\u00fcben k\u00f6nnen. Wir verpflichten uns, alle geeigneten Mittel einzusetzen, um die Vertraulichkeit und Integrit\u00e4t Ihrer pers\u00f6nlichen Daten zu wahren.<\/span><\/p>\n<h3>1.<b><\/b><span class=\"s2\"><b>Wer sind wir?<\/b><\/span><\/h3>\n<p class=\"p1\"><span class=\"s1\"><b>EuroCaution Benelux SA <\/b>ist eine Maklergesellschaft, eingetragen im luxemburgischen Handelsregister (RCS) unter der Nummer B169101. Sie ist beim Commissariat aux Assurances de Luxembourg unter der Nummer <b>2012CM012<\/b> als Makler zugelassen und ist im \u201eRegister der im Gro\u00dfherzogtum Luxemburg zugelassenen Maklergesellschaften\u201c eingetragen, das auf der Website des Commissariat aux Assurances unter folgender Adresse abrufbar ist <a href=\"http:\/\/www.caa.lu\/fr\/operateurs\/intermediaires\/societe-de-courtage\"><span class=\"s2\">http:\/\/www.caa.lu\/fr\/operateurs\/intermediaires\/societe-de-courtage<\/span><\/a>. EuroCaution ist im Rahmen des freien Dienstleistungsverkehrs berechtigt, in Luxemburg und Belgien t\u00e4tig zu sein. <\/span><\/p>\n<p class=\"p1\"><span class=\"s1\"><b>EuroCaution Benelux SA<\/b> erhebt als Datenverantwortlicher Ihre personenbezogenen Daten auf eigene Rechnung. <\/span><\/p>\n<p class=\"p1\"><span class=\"s1\">Sie erreichen uns \u00fcber die folgenden Kontaktdaten: <\/span><\/p>\n<p class=\"p1\"><span class=\"s1\"><b>Auf dem Postweg<\/b><\/span><strong>: 7, rue des M\u00e9rovingiens L-8070 Bertrange<\/strong><\/p>\n<p class=\"p1\"><span class=\"s1\"><b>Tel.<\/b><\/span><strong>: +352 202123241<\/strong><\/p>\n<p><strong>E-mail: <a href=\"mailto:alessandro.rizzo@eurocaution-benelux.com\">Cliquez ici<\/a><\/strong><\/p>\n<p class=\"p1\"><span class=\"s1\">Personenbezogene Daten sind alle Informationen \u00fcber eine identifizierte oder identifizierbare nat\u00fcrliche Person (z.B. Name, Foto, Telefonnummer, Vertragsnummer, Passwort <i>etc.<\/i>). <\/span><\/p>\n<p class=\"p1\"><span class=\"s1\">Der Datenverantwortliche im Sinne der Europ\u00e4ischen Datengrundschutzverordnung ist die Person, die die Zwecke und Mittel der Verarbeitung personenbezogener Daten bestimmt. <\/span><\/p>\n<p class=\"p2\"><span class=\"s1\">Alle Anfragen nach weiteren Informationen oder alle Fragen zu Ihren personenbezogenen Daten k\u00f6nnen Sie an die oben genannten Kontaktdaten richten.<\/span><\/p>\n<h3>2. <b><\/b><span class=\"s2\"><b>Welche personenbezogenen Daten erheben wir? <\/b><\/span><\/h3>\n<p class=\"p1\"><strong><span class=\"s1\">Es werden nur die personenbezogenen Daten verarbeitet, die f\u00fcr die Verwirklichung der nachfolgend genannten Zwecke unbedingt erforderlich sind. Im Rahmen unserer Aktivit\u00e4ten und je nach Ihrer besonderen Situation sowie im Zusammenhang mit Ihren Lebensversicherungen und\/oder der Kapitalisierung k\u00f6nnen wir die folgenden Daten verarbeiten: <\/span><\/strong><\/p>\n<ul>\n<li class=\"li1\"><span class=\"s2\">Identifizierungsdaten (Name, Vorname, Geschlecht, Geburtsdatum, Staatsangeh\u00f6rigkeit\u2026); <\/span><\/li>\n<li class=\"li1\"><span class=\"s2\">Kontaktdaten (E-Mail-Adresse, Mobil- und\/oder Festnetz-Telefonnummer, Postanschrift\u2026); <\/span><\/li>\n<li class=\"li1\"><span class=\"s2\">Familienstand; <\/span><\/li>\n<li class=\"li1\"><span class=\"s2\">Finanzdaten und Verm\u00f6gensinformationen (Liste der beweglichen und unbeweglichen Verm\u00f6genswerte etc.)<\/span><\/li>\n<li class=\"li1\"><span class=\"s2\">Daten in Bezug auf den Beruf (ausge\u00fcbte Funktionen)<\/span><\/li>\n<li class=\"li1\"><span class=\"s2\">Zusammensetzung des Haushalts (z.B. Familienstand, Anzahl der Kinder usw.) ;<\/span><\/li>\n<li class=\"li1\"><span class=\"s2\">Und alle anderen Informationen, die Sie uns freiwillig zur Verf\u00fcgung stellen.<\/span><\/li>\n<\/ul>\n<p class=\"p1\"><span class=\"s1\"><strong>M\u00f6glicherweise m\u00fcssen wir auch bestimmte sensible Daten verarbeiten, die einen besonderen Schutz genie\u00dfen, wie z.B.:<\/strong> <\/span><\/p>\n<ul>\n<li class=\"li1\"><span class=\"s2\">Ihre Steueridentifikationsnummer <\/span><\/li>\n<\/ul>\n<p class=\"p1\"><span class=\"s1\"><strong>Wir behandeln diese Daten mit gr\u00f6\u00dfter Sorgfalt.<\/strong> <\/span><\/p>\n<p class=\"p1\"><strong><span class=\"s1\">Wir nutzen wahrscheinlich auch Daten aus externen Quellen, insbesondere in den folgenden F\u00e4llen:<\/span><\/strong><\/p>\n<ul>\n<li class=\"li1\"><span class=\"s2\">Daten des Finanzpartners (Bank, Finanzverwalter, Family Office), der sich mit EuroCaution Benelux SA in Verbindung setzt, um in v\u00f6lliger Transparenz mit Ihnen an Ihrer Angelegenheit mitzuarbeiten; <\/span><\/li>\n<li class=\"li1\"><span class=\"s2\">Aktualisierung von Daten (zum Beispiel \u00fcber die Zusammensetzung Ihrer Familie, Ihre Anschrift, nach Ablauf Ihres Ausweises usw.).<\/span><\/li>\n<\/ul>\n<p class=\"p1\"><span class=\"s1\"><strong>In bestimmten F\u00e4llen k\u00f6nnen wir personenbezogene Daten verwenden, die sich auf andere Personen als Sie beziehen, zum Beispiel:<\/strong> <\/span><\/p>\n<ul>\n<li class=\"li1\"><span class=\"s2\">Ihre Verwandten in aufsteigender Linie, Ihre Kinder, Ihr Partner, der\/die Beg\u00fcnstigte(n) Ihrer Lebensversicherung; <\/span><\/li>\n<li class=\"li1\"><span class=\"s2\">Ihre Mitarbeiter, Ihre gesetzlichen\/satzungsm\u00e4\u00dfigen Vertreter, Ihre Aktion\u00e4re\/Gesellschafter; <\/span><\/li>\n<\/ul>\n<p class=\"p1\"><strong><span class=\"s1\">Wenn Sie uns derartige Daten mitteilen, verpflichten Sie sich, die betroffenen Personen zu informieren.<\/span><\/strong><\/p>\n<h3>3. Comment utilisons-nous vos donn\u00e9es personnelles ?<\/h3>\n<h4>3.1 <span class=\"s1\">Zu welchen Zwecken und auf welcher Rechtsgrundlage verwenden wir personenbezogene Daten?<\/span><\/h4>\n<p class=\"p1\"><strong><span class=\"s1\">Wir verwenden Ihre pers\u00f6nlichen Informationen zun\u00e4chst dazu, unsere vertraglichen Verpflichtungen Ihnen gegen\u00fcber zu erf\u00fcllen, namentlich: <\/span><\/strong><\/p>\n<p><span class=\"s2\">&#8211; die im Rahmen unserer Aufgabe als Versicherungsvermittler erwarteten Dienstleistungen f\u00fcr Sie zu erbringen, wie z.B.:<\/span><\/p>\n<ul>\n<li><span class=\"s2\">Ihre Anforderungen und Bed\u00fcrfnisse zu ermitteln (und im Falle von versicherungsbasierten Anlageprodukten Ihr vollst\u00e4ndiges Anlegerprofil);<\/span><\/li>\n<li><span class=\"s2\">Sie zu beraten; <\/span><\/li>\n<li><span class=\"s2\">Ihnen Unterlagen zu den Produkten, f\u00fcr die Sie uns um Hilfe gebeten haben, zuzusenden; <\/span><\/li>\n<li><span class=\"s2\">Ihnen Hilfestellung beim Abschluss eines Versicherungsvertrages zu leisten (vorbereitende T\u00e4tigkeiten und eigentlicher Abschluss); <\/span><\/li>\n<li><span class=\"s2\">Sie bei der Verwaltung und Ausf\u00fchrung von Versicherungsvertr\u00e4gen zu unterst\u00fctzen (R\u00fcckkauf, Nachzahlungen, Schlichtungen, Liquidation)<\/span><\/li>\n<\/ul>\n<p>&#8211; <span class=\"s2\">Ihre W\u00fcnsche zu speichern, ob und wie wir Sie kontaktieren k\u00f6nnen, um Ihnen Informationen oder Angebote zuzusenden;<\/span><\/p>\n<p class=\"p1\"><span class=\"s1\"><strong>Wir k\u00f6nnen Ihre personenbezogenen Daten auch daf\u00fcr verwenden, unsere gesetzlichen Verpflichtungen zu erf\u00fcllen, insbesondere in Bezug auf:<\/strong> <\/span><\/p>\n<ul class=\"ul1\">\n<li class=\"li1\"><span class=\"s2\">Verhinderung von Geldw\u00e4sche und Terrorismusfinanzierung;<\/span><\/li>\n<li class=\"li1\"><span class=\"s2\">Vertrieb von Versicherungen; <\/span><\/li>\n<li class=\"li1\"><span class=\"s2\">unsere Verpflichtungen zur steuerlichen Buchf\u00fchrung; <\/span><\/li>\n<\/ul>\n<p class=\"p1\"><span class=\"s1\"><strong>Auf der Grundlage unseres berechtigten Interesses k\u00f6nnen wir Ihre Informationen f\u00fcr folgende Zwecke verarbeiten:<\/strong> <\/span><\/p>\n<ul class=\"ul1\">\n<li class=\"li1\"><span class=\"s2\">um unseren Kundenbestand zu verwalten und einen globalen \u00dcberblick \u00fcber unsere Kunden zu erhalten (z.B. durch Erstellung von Statistiken \u00fcber unsere Kunden, um zu erfahren, wer sie sind und um sie besser kennen zu lernen); <\/span><\/li>\n<li class=\"li1\"><span class=\"s2\">zum Verhindern von Missbrauch, Betrug und Verbrechen;<\/span><\/li>\n<li class=\"li1\"><span class=\"s2\">zum Schutz der Verm\u00f6genswerte des Unternehmens; <\/span><\/li>\n<li class=\"li1\"><span class=\"s2\">um die Sicherheit von Sachen und Personen sowie der Computernetze und -systeme des Unternehmens zu gew\u00e4hrleisten; <\/span><\/li>\n<li class=\"li1\"><span class=\"s2\">um die Ordnungsm\u00e4\u00dfigkeit von Transaktionen zu kontrollieren; <\/span><\/li>\n<li class=\"li1\"><span class=\"s2\">um die Rechte des Unternehmens oder der Personen, die wir gegebenenfalls vertreten, festzustellen, auszu\u00fcben, zu verteidigen und zu wahren, zum Beispiel im Fall eines Rechtsstreits; <\/span><\/li>\n<li class=\"li1\"><span class=\"s2\">um Nachweise zu erbringen; <\/span><\/li>\n<\/ul>\n<h4>3.2 <span class=\"s1\">Verwenden wir Ihre personenbezogenen Daten, um automatisierte Entscheidungen zu treffen?<\/span><\/h4>\n<p class=\"p1\"><strong><span class=\"s1\">Im Rahmen der oben genannten Zwecke (Punkt 3.1) k\u00f6nnen wir Ihre personenbezogenen Daten auch verwenden und analysieren, um automatisierte Entscheidungen zu treffen\u00a0\u2013 das hei\u00dft: Entscheidungen, die kein menschliches Eingreifen erfordern\u00a0\u2013, und zwar in folgenden F\u00e4llen:<\/span><\/strong><\/p>\n<ul>\n<li class=\"p1\"><span class=\"s1\">Beschreibung des Falles (bzw. der F\u00e4lle) der automatisierten Entscheidungsfindung oder des Profiling + Beschreibung der zugrunde liegenden Logik und der vorgesehenen Folgen dieser Verarbeitung]<\/span><\/li>\n<\/ul>\n<h3>4. <b><\/b><span class=\"s2\"><b>Warum ist es notwendig, dass Sie uns Ihre personenbezogenen Daten zur Verf\u00fcgung stellen? <\/b><\/span><\/h3>\n<p class=\"p1\"><strong><span class=\"s1\">Falls Sie sich weigern, uns die im Rahmen bestimmter Dienstleistungen (z.B. Unterst\u00fctzung beim Abschluss eines Versicherungsvertrages oder im Schadensfall) angeforderten Daten zur Verf\u00fcgung zu stellen, k\u00f6nnen wir m\u00f6glicherweise unsere Rolle als Vermittler nicht ausf\u00fchren oder Ihren Anfragen nicht nachkommen.<\/span><\/strong><\/p>\n<h3>5. <b><\/b><span class=\"s2\"><b>Wohin und wie \u00fcbermitteln wir Ihre personenbezogenen Daten?<\/b><\/span><\/h3>\n<h4>5.1 <span class=\"s1\">Wer hat Zugang zu Ihren personenbezogenen Daten und an wen werden sie weitergegeben?<\/span><\/h4>\n<p class=\"p1\"><span class=\"s1\"><strong>Zum Schutz Ihrer Privatsph\u00e4re werden die Personen, die zum Zugriff auf Ihre Daten berechtigt sind, genau nach ihren Aufgaben bestimmt.<\/strong> <\/span><\/p>\n<p class=\"p1\"><strong><span class=\"s1\">Unter keinen Umst\u00e4nden verkaufen wir Ihre pers\u00f6nlichen Daten an Dritte. Um die oben beschriebenen Zwecke (siehe Punkt 3.1) zu erreichen, k\u00f6nnen wir jedoch bestimmte Informationen an Dritte weitergeben:<\/span><\/strong><\/p>\n<ul>\n<li class=\"li1\"><span class=\"s2\"> an Versicherungsgesellschaften, von denen Sie ein Angebot erhalten oder mit denen Sie einen Vertrag abschlie\u00dfen m\u00f6chten;<\/span><\/li>\n<li class=\"li1\"><span class=\"s2\">um unsere Aufgaben als Vermittler auszuf\u00fchren, k\u00f6nnen Ihre Daten an unsere IT-Unterauftragnehmer \u00fcbermittelt und\/oder von diesen verarbeitet werden; <\/span><\/li>\n<li class=\"li1\"><span class=\"s2\">um unsere gesetzlichen Verpflichtungen zu erf\u00fcllen, k\u00f6nnen Ihre Daten an Beh\u00f6rden und unsere Aufsichtsbeh\u00f6rde \u00fcbermittelt werden; <\/span><\/li>\n<li class=\"li1\"><span class=\"s2\">im Falle eines Rechtsstreits k\u00f6nnen Ihre Daten an unsere Rechtsanw\u00e4lte \u00fcbermittelt und zur Vertretung unserer Belange vor Gericht verwendet werden; <\/span><\/li>\n<\/ul>\n<h5 class=\"p1\"><span class=\"s1\">Wohin \u00fcbermitteln wir Ihre personenbezogenen Daten? <\/span><span class=\"s2\">In keinem Fall \u00fcbermitteln wir Ihre personenbezogenen Daten au\u00dferhalb des Europ\u00e4ischen Wirtschaftsraums (\u201eEWR\u201c).]<\/span><\/h5>\n<h3><b><\/b><span class=\"s2\"><b>6. Wie lange werden Ihre personenbezogenen Daten aufbewahrt?<\/b><\/span><\/h3>\n<p class=\"p1\"><strong><span class=\"s1\">Wir bewahren Ihre Daten so lange auf, wie: <\/span><\/strong><\/p>\n<ul>\n<li class=\"li1\"><span class=\"s2\">es f\u00fcr die Erf\u00fcllung der oben genannten Zwecke erforderlich ist, oder solange; <\/span><\/li>\n<li class=\"li1\"><span class=\"s2\">eine rechtliche Verpflichtung diese Aufbewahrung vorschreibt (zum Beispiel die Aufbewahrung von Buchhaltungsunterlagen); und <\/span><\/li>\n<li class=\"li1\"><span class=\"s2\">die geltende Verj\u00e4hrungsfrist nicht abgelaufen ist, um sicherzustellen, dass wir \u00fcber die notwendigen Informationen verf\u00fcgen, um uns vor rechtlichen Schritten zu sch\u00fctzen.<\/span><\/li>\n<\/ul>\n<h3>7. <b><\/b><span class=\"s2\"><b>Welche Rechte haben Sie und wie k\u00f6nnen Sie Ihre Rechte aus\u00fcben?<\/b><\/span><\/h3>\n<p class=\"p1\"><strong><span class=\"s1\">Als betroffene Person haben Sie verschiedene Rechte. Im Folgenden finden Sie eine kurze Beschreibung dieser Rechte und wie Sie diese Rechte aus\u00fcben k\u00f6nnen.<\/span><\/strong><\/p>\n<h6 class=\"p1\"><span class=\"s1\"><b>Auskunftsrecht<\/b><\/span><\/h6>\n<p class=\"p1\"><span class=\"s1\"><em>Sie k\u00f6nnen uns alle Fragen stellen, die Sie zur Erfassung und Verarbeitung Ihrer Daten haben.<\/em> <\/span><\/p>\n<h6 class=\"p1\"><span class=\"s1\"><b>Zugangsrecht<\/b><\/span><\/h6>\n<p class=\"p1\"><span class=\"s1\"><em>Sie k\u00f6nnen jederzeit eine Best\u00e4tigung dar\u00fcber erhalten, ob Ihre pers\u00f6nlichen Daten verarbeitet werden (oder nicht), und, wenn es der Fall ist, Zugang zu diesen Daten und eine kostenlose Kopie davon erhalten.<\/em> <\/span><\/p>\n<h6 class=\"p1\"><span class=\"s1\"><b>Recht auf Berichtigung<\/b><\/span><\/h6>\n<p class=\"p1\"><em><span class=\"s1\">Sie k\u00f6nnen jederzeit durch eine schriftliche Anfrage an uns die Berichtigung unrichtiger personenbezogener Daten, die Sie betreffen, verlangen. Auf die gleiche Weise k\u00f6nnen Sie verlangen, dass unvollst\u00e4ndige Daten vervollst\u00e4ndigt werden.<\/span><\/em><\/p>\n<h6 class=\"p1\"><span class=\"s1\"><b>Recht auf L\u00f6schung<\/b><\/span><\/h6>\n<p class=\"p1\"><span class=\"s1\"><em>Sie k\u00f6nnen jederzeit durch einen schriftlichen Antrag an uns die L\u00f6schung Ihrer personenbezogenen Daten verlangen, sofern einer der folgenden Gr\u00fcnde vorliegt:<\/em> <\/span><\/p>\n<ul>\n<li class=\"li1\"><span class=\"s2\">die Daten sind f\u00fcr die Zwecke, f\u00fcr die sie erhoben und verarbeitet wurden, nicht mehr erforderlich; <\/span><\/li>\n<li class=\"li1\"><span class=\"s2\">Sie haben die Einwilligung, auf der die Verarbeitung beruht, widerrufen; <\/span><\/li>\n<li class=\"li1\"><span class=\"s2\">Sie widersprechen der Verarbeitung und es gibt keinen zwingenden rechtm\u00e4\u00dfigen Grund daf\u00fcr; <\/span><\/li>\n<li class=\"li1\"><span class=\"s2\">die sind Daten unrechtm\u00e4\u00dfig verarbeitet worden; <\/span><\/li>\n<li class=\"li1\"><span class=\"s2\">die Daten m\u00fcssen gel\u00f6scht werden, um eine rechtliche Verpflichtung zu erf\u00fcllen. <\/span><\/li>\n<\/ul>\n<h6 class=\"p1\"><span class=\"s1\"><b>Recht auf Einschr\u00e4nkung der Verarbeitung<\/b><\/span><\/h6>\n<p class=\"p1\"><em><span class=\"s1\">Wird die Einschr\u00e4nkung der Verarbeitung gew\u00e4hrt, d\u00fcrfen personenbezogene Daten nur mit Zustimmung der betroffenen Person oder zur Begr\u00fcndung, Aus\u00fcbung oder Verteidigung von Rechtsanspr\u00fcchen oder zum Schutz der Rechte einer anderen nat\u00fcrlichen oder juristischen Person oder aus Gr\u00fcnden eines wichtigen \u00f6ffentlichen Interesses verarbeitet werden.<\/span><\/em><\/p>\n<p class=\"p1\"><span class=\"s1\"><strong>Aus einem der folgenden Gr\u00fcnde k\u00f6nnen Sie beantragen, dass die Verarbeitung eingeschr\u00e4nkt wird:<\/strong> <\/span><\/p>\n<ul>\n<li class=\"li1\"><span class=\"s2\">Sie bestreiten die Richtigkeit der pers\u00f6nlichen Daten; <\/span><\/li>\n<li class=\"li1\"><span class=\"s2\">im Fall unrechtm\u00e4\u00dfiger Verarbeitung; <\/span><\/li>\n<li class=\"li1\"><span class=\"s2\">wir ben\u00f6tigen Ihre personenbezogenen Daten nicht mehr zum Zweck der Verarbeitung, aber sie sind nach wie vor f\u00fcr die Begr\u00fcndung, Aus\u00fcbung oder Verteidigung von Rechtsanspr\u00fcchen erforderlich; <\/span><\/li>\n<li class=\"li1\"><span class=\"s2\">Sie haben der Verarbeitung widersprochen (die Verarbeitung wird auf den Zeitraum begrenzt, der erforderlich ist, um zu \u00fcberpr\u00fcfen, ob auf unserer Seite rechtm\u00e4\u00dfige Gr\u00fcnde vorliegen, die Vorrang vor Ihren Gr\u00fcnden haben).<\/span><\/li>\n<\/ul>\n<h6 class=\"p1\"><span class=\"s1\"><b>Widerspruchsrecht<\/b><\/span><\/h6>\n<p class=\"p1\"><em><span class=\"s1\">Sie haben das Recht, jederzeit und durch schriftliche Anfrage an uns aus Gr\u00fcnden, die sich auf Ihre besondere Situation beziehen, einer Verarbeitung Ihrer personenbezogenen Daten zu widersprechen, die auf der Erf\u00fcllung einer Aufgabe beruht, die im \u00f6ffentlichen Interesse liegt oder f\u00fcr die von uns verfolgten legitimen Interessen notwendig ist.<\/span><\/em><\/p>\n<p class=\"p1\"><em><span class=\"s1\">Wir verarbeiten diese personenbezogenen Daten nicht mehr, es sei denn, es wird nachgewiesen, dass es legitime und zwingende Gr\u00fcnde f\u00fcr die Verarbeitung gibt, die Vorrang vor Ihren Interessen, Rechten und Freiheiten haben, oder f\u00fcr die Begr\u00fcndung, Aus\u00fcbung oder Verteidigung von Rechtsanspr\u00fcchen.<\/span><\/em><\/p>\n<p class=\"p1\"><em><span class=\"s1\">Werden Ihre pers\u00f6nlichen Daten zum Zweck der Kundenwerbung verarbeitet, haben Sie jederzeit das Recht, dieser Verarbeitung zu widersprechen.<\/span><\/em><\/p>\n<h6 class=\"p1\"><span class=\"s1\"><b>Recht auf \u00dcbertragbarkeit<\/b><\/span><\/h6>\n<p class=\"p1\"><em><span class=\"s1\">Sie haben das Recht, durch eine schriftliche Anfrage an uns die Sie betreffenden personenbezogenen Daten, die Sie uns in einem strukturierten, allgemein verwendeten und maschinenlesbaren Format zur Verf\u00fcgung gestellt haben, zu erhalten und diese Daten ohne unser Zutun an einen anderen f\u00fcr die Verarbeitung Verantwortlichen zu \u00fcbermitteln, wenn:<\/span><\/em><\/p>\n<ul>\n<li class=\"li1\"><span class=\"s2\">die Verarbeitung auf Ihrer Einwilligung oder auf einem Vertrag beruht; und<\/span><\/li>\n<li class=\"li1\"><span class=\"s2\">die Verarbeitung mit Hilfe automatisierter Verfahren erfolgt.<\/span><\/li>\n<\/ul>\n<h6 class=\"p1\"><span class=\"s1\"><b>Recht auf Widerruf der Einwilligung<\/b><\/span><\/h6>\n<p class=\"p1\"><em><span class=\"s1\">Beruht die Verarbeitung auf Ihrer Einwilligung, haben Sie das Recht, Ihre Einwilligung jederzeit durch eine schriftliche Anfrage an uns zu widerrufen. Der Widerruf Ihrer Einwilligung hat keinen Einfluss auf die Rechtm\u00e4\u00dfigkeit der Verarbeitung, die auf Ihrer Einwilligung vor ihrem Widerruf beruhte.<\/span><\/em><\/p>\n<h6 class=\"p1\"><span class=\"s1\"><b>Beschwerderecht<\/b><\/span><\/h6>\n<p class=\"p1\"><em><span class=\"s1\">Wir bem\u00fchen uns nach besten Kr\u00e4ften, sicherzustellen, dass wir unsere datenschutzrechtlichen Verpflichtungen einhalten, und reagieren so schnell wie m\u00f6glich auf jede Beschwerde, die wir diesbez\u00fcglich erhalten. Falls Sie mit der erhaltenen Antwort nicht zufrieden sind, haben Sie die M\u00f6glichkeit, eine Beschwerde bei der Datenschutzbeh\u00f6rde einzureichen.<\/span><\/em><\/p>\n<p>&nbsp;<\/p>\n","protected":false},"excerpt":{"rendered":"<p>Wir legen allergr\u00f6\u00dften Wert auf die Sicherheit Ihrer pers\u00f6nlichen Informationen In dieser Datenschutzrichtlinie wird erl\u00e4utert, welche Daten wir \u00fcber Sie erheben und wie wir diese Daten verwenden, sowie welche Rechte Sie haben und wie Sie diese Rechte aus\u00fcben k\u00f6nnen. Wir verpflichten uns, alle geeigneten Mittel einzusetzen, um die Vertraulichkeit und Integrit\u00e4t Ihrer pers\u00f6nlichen Daten zu [&hellip;]<\/p>\n","protected":false},"author":2,"featured_media":417,"parent":0,"menu_order":18,"comment_status":"closed","ping_status":"closed","template":"template_protection_des_donnees.php","meta":{"_acf_changed":false,"footnotes":""},"class_list":["post-144","page","type-page","status-publish","has-post-thumbnail","hentry"],"acf":[],"_links":{"self":[{"href":"https:\/\/eurocaution.eu\/de\/wp-json\/wp\/v2\/pages\/144","targetHints":{"allow":["GET"]}}],"collection":[{"href":"https:\/\/eurocaution.eu\/de\/wp-json\/wp\/v2\/pages"}],"about":[{"href":"https:\/\/eurocaution.eu\/de\/wp-json\/wp\/v2\/types\/page"}],"author":[{"embeddable":true,"href":"https:\/\/eurocaution.eu\/de\/wp-json\/wp\/v2\/users\/2"}],"replies":[{"embeddable":true,"href":"https:\/\/eurocaution.eu\/de\/wp-json\/wp\/v2\/comments?post=144"}],"version-history":[{"count":2,"href":"https:\/\/eurocaution.eu\/de\/wp-json\/wp\/v2\/pages\/144\/revisions"}],"predecessor-version":[{"id":746,"href":"https:\/\/eurocaution.eu\/de\/wp-json\/wp\/v2\/pages\/144\/revisions\/746"}],"wp:featuredmedia":[{"embeddable":true,"href":"https:\/\/eurocaution.eu\/de\/wp-json\/wp\/v2\/media\/417"}],"wp:attachment":[{"href":"https:\/\/eurocaution.eu\/de\/wp-json\/wp\/v2\/media?parent=144"}],"curies":[{"name":"wp","href":"https:\/\/api.w.org\/{rel}","templated":true}]}}