{"id":104,"date":"2020-10-07T15:00:36","date_gmt":"2020-10-07T13:00:36","guid":{"rendered":"https:\/\/eurocaution.mikado.digital\/?page_id=104"},"modified":"2026-04-08T09:43:14","modified_gmt":"2026-04-08T08:43:14","slug":"qui-sommes-nous","status":"publish","type":"page","link":"https:\/\/eurocaution.eu\/de\/wer-sind-wir\/","title":{"rendered":"Wer sind wir?"},"content":{"rendered":"<p class=\"p1\"><span class=\"s1\">EuroCaution SA ist ein im Jahr 2012 gegr\u00fcndeter Versicherungs- und R<\/span><span class=\"s2\">\u00fcckversicherungsmakler, spezialisiert auf Underwriting<\/span><\/p>\n<p class=\"p1\"><span class=\"s1\">auf Underwriting in den Bereichen B\u00fcrgschaften, Kredite und <\/span><span class=\"s1\">verschiedene finanzielle Verluste.<\/span><\/p>\n","protected":false},"excerpt":{"rendered":"<p>EuroCaution SA ist ein im Jahr 2012 gegr\u00fcndeter Versicherungs- und R\u00fcckversicherungsmakler, spezialisiert auf Underwriting auf Underwriting in den Bereichen B\u00fcrgschaften, Kredite und verschiedene finanzielle Verluste.<\/p>\n","protected":false},"author":2,"featured_media":269,"parent":0,"menu_order":13,"comment_status":"closed","ping_status":"closed","template":"template_apropos.php","meta":{"_acf_changed":false,"footnotes":""},"class_list":["post-104","page","type-page","status-publish","has-post-thumbnail","hentry"],"acf":[],"_links":{"self":[{"href":"https:\/\/eurocaution.eu\/de\/wp-json\/wp\/v2\/pages\/104","targetHints":{"allow":["GET"]}}],"collection":[{"href":"https:\/\/eurocaution.eu\/de\/wp-json\/wp\/v2\/pages"}],"about":[{"href":"https:\/\/eurocaution.eu\/de\/wp-json\/wp\/v2\/types\/page"}],"author":[{"embeddable":true,"href":"https:\/\/eurocaution.eu\/de\/wp-json\/wp\/v2\/users\/2"}],"replies":[{"embeddable":true,"href":"https:\/\/eurocaution.eu\/de\/wp-json\/wp\/v2\/comments?post=104"}],"version-history":[{"count":87,"href":"https:\/\/eurocaution.eu\/de\/wp-json\/wp\/v2\/pages\/104\/revisions"}],"predecessor-version":[{"id":5304,"href":"https:\/\/eurocaution.eu\/de\/wp-json\/wp\/v2\/pages\/104\/revisions\/5304"}],"wp:featuredmedia":[{"embeddable":true,"href":"https:\/\/eurocaution.eu\/de\/wp-json\/wp\/v2\/media\/269"}],"wp:attachment":[{"href":"https:\/\/eurocaution.eu\/de\/wp-json\/wp\/v2\/media?parent=104"}],"curies":[{"name":"wp","href":"https:\/\/api.w.org\/{rel}","templated":true}]}}